{"id":8708,"date":"2020-01-30T15:38:40","date_gmt":"2020-01-30T14:38:40","guid":{"rendered":"http:\/\/clemence.vixenvalley.fr\/?page_id=8708"},"modified":"2023-09-27T12:40:53","modified_gmt":"2023-09-27T10:40:53","slug":"business-performance","status":"publish","type":"page","link":"https:\/\/www.clemenceconsulting.fr\/fr\/business-performance\/","title":{"rendered":"Business performance"},"content":{"rendered":"<div class=\"wpb-content-wrapper\"><div data-vc-full-width=\"true\" data-vc-full-width-init=\"false\" class=\"vc_row wpb_row vc_row-fluid headerVideo vc_custom_1599663846369 vc_row-has-fill vc_row-has-padding-top vc_row-has-padding-bottom\"><div class=\"kd-overlay\"  style=\"background-color:rgba(0,0,0,0.5);\"><\/div><div class=\"wpb_column vc_column_container vc_col-sm-12\"><div class=\"vc_column-inner\"><div class=\"wpb_wrapper\"><\/div><\/div><\/div><\/div><div class=\"vc_row-full-width vc_clearfix\"><\/div><div data-vc-full-width=\"true\" data-vc-full-width-init=\"false\" data-vc-stretch-content=\"true\" class=\"vc_row wpb_row vc_row-fluid vc_custom_1599663853644 vc_row-has-fill vc_row-has-padding-top vc_row-has-padding-bottom vc_row-has-padding-left vc_row-has-padding-right\"><div class=\"wpb_column vc_column_container vc_col-sm-12 vc_col-lg-5 vc_col-md-5\"><div class=\"vc_column-inner vc_custom_1599649910751\"><div class=\"wpb_wrapper\"><div class=\"vc_row wpb_row vc_inner vc_row-fluid vc_custom_1599645729299 vc_row-o-content-top vc_row-flex\"><div class=\"wpb_column vc_column_container vc_col-sm-12\"><div class=\"vc_column-inner vc_custom_1541520230301\"><div class=\"wpb_wrapper\"><header class=\"kd-section-title col-lg-12 text-left    \" ><h2 class=\"separator_off\" style=\"color: #000000;font-size: 55px;\">Am\u00e9liorer la performance<\/h2><\/header><div class=\"vc_empty_space\"   style=\"height: 30px\"><span class=\"vc_empty_space_inner\"><\/span><\/div><\/div><\/div><\/div><\/div><\/div><\/div><\/div><div class=\"wpb_column vc_column_container vc_col-sm-12 vc_col-lg-7 vc_col-md-7\"><div class=\"vc_column-inner\"><div class=\"wpb_wrapper\">\n\t<div class=\"wpb_text_column wpb_content_element\" >\n\t\t<div class=\"wpb_wrapper\">\n\t\t\t<h3><strong>Au cours de ces derni\u00e8res ann\u00e9es, Cl\u00e9mence Business Consulting a aid\u00e9 un certain nombre de grandes entreprises \u00e0 am\u00e9liorer leur performance<\/strong><\/h3>\n\n\t\t<\/div>\n\t<\/div>\n<\/div><\/div><\/div><\/div><div class=\"vc_row-full-width vc_clearfix\"><\/div><div data-vc-full-width=\"true\" data-vc-full-width-init=\"false\" data-vc-stretch-content=\"true\" class=\"vc_row wpb_row vc_row-fluid vc_row-no-padding vc_row-o-full-height vc_row-o-columns-bottom vc_row-o-equal-height vc_row-flex\"><div class=\"wpb_column vc_column_container vc_col-sm-6 vc_col-lg-6 vc_col-md-12 vc_col-has-fill\"><div class=\"vc_column-inner vc_custom_1580304339410\"><div class=\"wpb_wrapper\"><div class=\"vc_row wpb_row vc_inner vc_row-fluid vc_custom_1580308863360 vc_row-has-fill vc_row-has-padding-top vc_row-has-padding-bottom vc_row-o-equal-height vc_row-o-content-middle vc_row-flex\"><div class=\"wpb_column vc_column_container vc_col-sm-2\"><div class=\"vc_column-inner vc_custom_1580304049212\"><div class=\"wpb_wrapper\"><\/div><\/div><\/div><div class=\"wpb_column vc_column_container vc_col-sm-8\"><div class=\"vc_column-inner\"><div class=\"wpb_wrapper\"><header class=\"kd-section-title col-lg-12 text-left  kd-animated fadeIn title  vc_custom_1695482964851\" data-animation-delay=200><h2 class=\"separator_off\" >Qu'est-ce qui est compliqu\u00e9 ?<\/h2><h6 class=\"subtitle \" style=\"color: #000000;\">Aujourd\u2019hui les d\u00e9fis sont nombreux et importants : RSE, inflation, transition \u00e9nerg\u00e9tique, concurrence, crises\u2026<br \/>\nVotre entreprise a ses sp\u00e9cificit\u00e9s. La prise en compte de celles-ci, avec toute leur h\u00e9t\u00e9rog\u00e9n\u00e9it\u00e9 : par exemple en termes de positionnement sur les diff\u00e9rents march\u00e9s, de mod\u00e8les op\u00e9rationnels et de donn\u00e9es ; ainsi que la dimension humaine sont cl\u00e9s.<\/h6><\/header><header class=\"kd-section-title col-lg-12 text-left  kd-animated fadeIn title  vc_custom_1695487112591\" data-animation-delay=200><h2 class=\"separator_off\" >Votre entreprise se transforme<\/h2><h6 class=\"subtitle \" style=\"color: #000000;\">En fonction de l'objectif strat\u00e9gique, par exemple de croissance externe, de croissance organique ou de performance durable, la transformation prend diff\u00e9rentes formes : fusions-acquisitions, partenariats, transformation des organisations ; mais aussi innovation, modernisation des solutions, Intelligence Artificielle &amp; data.<\/h6><\/header><div class=\"vc_empty_space\"   style=\"height: 20px\"><span class=\"vc_empty_space_inner\"><\/span><\/div><\/div><\/div><\/div><div class=\"wpb_column vc_column_container vc_col-sm-2\"><div class=\"vc_column-inner\"><div class=\"wpb_wrapper\"><\/div><\/div><\/div><\/div><\/div><\/div><\/div><div class=\"wpb_column vc_column_container vc_col-sm-6 vc_col-lg-6 vc_col-md-12 vc_col-has-fill\"><div class=\"vc_column-inner vc_custom_1599988957363\"><div class=\"wpb_wrapper\"><div class=\"vc_row wpb_row vc_inner vc_row-fluid\"><div class=\"wpb_column vc_column_container vc_col-sm-12 vc_hidden-sm vc_hidden-xs\"><div class=\"vc_column-inner\"><div class=\"wpb_wrapper\"><div class=\"vc_empty_space\"   style=\"height: 7px\"><span class=\"vc_empty_space_inner\"><\/span><\/div><\/div><\/div><\/div><\/div><div class=\"vc_row wpb_row vc_inner vc_row-fluid vc_custom_1580308830434 vc_row-has-fill vc_row-has-padding-top vc_row-has-padding-bottom vc_row-o-equal-height vc_row-o-content-bottom vc_row-flex\"><div class=\"wpb_column vc_column_container vc_col-sm-2\"><div class=\"vc_column-inner vc_custom_1511789291663\"><div class=\"wpb_wrapper\"><\/div><\/div><\/div><div class=\"wpb_column vc_column_container vc_col-sm-8\"><div class=\"vc_column-inner\"><div class=\"wpb_wrapper\">\n\t<div class=\"wpb_text_column wpb_content_element vc_custom_1695485700917\" >\n\t\t<div class=\"wpb_wrapper\">\n\t\t\t<h2 class=\"title\"><span style=\"color: #ffffff;\">Notre expertise<\/span><\/h2>\n<p><span style=\"color: #ffffff;\">En comprenant les enjeux pr\u00e9sents aux diff\u00e9rents niveaux de l\u2019entreprise, en travaillant avec le Comit\u00e9 de direction et par ailleurs en int\u00e9grant les retours d\u2019exp\u00e9rience du terrain, nous vous aidons \u00e0 cadrer vos initiatives et favorisons le passage \u00e0 l\u2019action et l\u2019adh\u00e9sion.<\/span><\/p>\n<p><span style=\"color: #ffffff;\">Les transformations d\u00e9cid\u00e9es au niveau strat\u00e9gique peuvent \u00eatre complexes \u00e0 mettre en \u0153uvre op\u00e9rationnellement et laisser des traces. Pour vous aider pragmatiquement, par exemple en trouvant des &#8220;early adopters&#8221; qui vont \u00eatre les porte flambeaux de la transformation : nous sommes l\u00e0.<\/span><\/p>\n<p class=\"desc\"><span style=\"color: #ffffff;\">Nous mettons \u00e0 votre disposition notre savoir-faire en conseil en management, nos expertises sectorielles et fonctionnelles : Marketing &amp; Ventes, Finance &amp; Achats, Op\u00e9rations ; ainsi que la qualit\u00e9 de notre support \u00e0 la communication de direction et au pilotage (PMO) pour accompagner vos changements, du cadrage op\u00e9rationnel de votre projet \u00e0 sa mise en place.<\/span><\/p>\n<div class=\"clearfix\"><\/div>\n\n\t\t<\/div>\n\t<\/div>\n<\/div><\/div><\/div><div class=\"wpb_column vc_column_container vc_col-sm-2\"><div class=\"vc_column-inner\"><div class=\"wpb_wrapper\"><\/div><\/div><\/div><\/div><\/div><\/div><\/div><\/div><div class=\"vc_row-full-width vc_clearfix\"><\/div><div data-vc-full-width=\"true\" data-vc-full-width-init=\"false\" data-vc-stretch-content=\"true\" class=\"vc_row wpb_row vc_row-fluid vc_custom_1599054486157 vc_row-has-fill vc_row-has-padding-left vc_row-has-padding-right vc_row-o-full-height vc_row-o-columns-middle vc_row-o-equal-height vc_row-o-content-middle vc_row-flex\"><div class=\"wpb_column vc_column_container vc_col-sm-12\"><div class=\"vc_column-inner\"><div class=\"wpb_wrapper\"><div class=\"vc_empty_space\"   style=\"height: 30px\"><span class=\"vc_empty_space_inner\"><\/span><\/div><div class=\"vc_row wpb_row vc_inner vc_row-fluid\"><div class=\"wpb_column vc_column_container vc_col-sm-2\"><div class=\"vc_column-inner\"><div class=\"wpb_wrapper\"><\/div><\/div><\/div><div class=\"wpb_column vc_column_container vc_col-sm-8\"><div class=\"vc_column-inner\"><div class=\"wpb_wrapper\">\n\t<div class=\"wpb_text_column wpb_content_element vc_custom_1695811144912\" >\n\t\t<div class=\"wpb_wrapper\">\n\t\t\t<h2 class=\"title\">En quoi est-ce utile ?<\/h2>\n<p>Notre objectif est d\u2019aider le Comit\u00e9 de direction \u00e0 cadrer, d\u00e9crire et communiquer ses enjeux et sa vision, de cr\u00e9er une communaut\u00e9 de pairs entre les directeurs et managers qui sont les v\u00e9ritables relais de la transformation et d\u2019outiller la mise en place (kit de communication, m\u00e9thodologie, reporting&#8230;)<br \/>\nNous proc\u00e9dons par interviews individuelles et ateliers de co-d\u00e9veloppement pour partager les retours d\u2019exp\u00e9riences et les bonnes pratiques et animons les s\u00e9minaires n\u00e9cessaires \u00e0 chaque \u00e9tapes. Nous envisageons la transformation dans sa dimension strat\u00e9gique mais aussi comme une \u00e9tape de la carri\u00e8re de chaque directeur et manager : une aventure humaine et professionnelle o\u00f9 il est crucial de d\u00e9celer les points de souffrance et de partager les p\u00e9pites du terrain pour r\u00e9ussir.<\/p>\n<p>La d\u00e9marche vise \u00e0 \u00e9viter de g\u00e9n\u00e9rer le sentiment que \u00ab tout a d\u00e9j\u00e0 \u00e9t\u00e9 pens\u00e9 au niveau global \u00bb, ne rien oublier, tenir compte de l\u2019h\u00e9t\u00e9rog\u00e9n\u00e9it\u00e9 et des retours du terrain et piloter.<\/p>\n\n\t\t<\/div>\n\t<\/div>\n\n\t<div  class=\"wpb_single_image wpb_content_element vc_align_left wpb_content_element\">\n\t\t\n\t\t<figure class=\"wpb_wrapper vc_figure\">\n\t\t\t<div class=\"vc_single_image-wrapper   vc_box_border_grey\"><img fetchpriority=\"high\" decoding=\"async\" width=\"1024\" height=\"576\" src=\"https:\/\/www.clemenceconsulting.fr\/wp-content\/uploads\/2023\/09\/AmeliorationPerformance-1024x576.png\" class=\"vc_single_image-img attachment-large\" alt=\"\" title=\"Am\u00e9liorationPerformance\" srcset=\"https:\/\/www.clemenceconsulting.fr\/wp-content\/uploads\/2023\/09\/AmeliorationPerformance-1024x576.png 1024w, https:\/\/www.clemenceconsulting.fr\/wp-content\/uploads\/2023\/09\/AmeliorationPerformance-300x169.png 300w, https:\/\/www.clemenceconsulting.fr\/wp-content\/uploads\/2023\/09\/AmeliorationPerformance-768x432.png 768w, https:\/\/www.clemenceconsulting.fr\/wp-content\/uploads\/2023\/09\/AmeliorationPerformance-18x10.png 18w, https:\/\/www.clemenceconsulting.fr\/wp-content\/uploads\/2023\/09\/AmeliorationPerformance-800x450.png 800w, https:\/\/www.clemenceconsulting.fr\/wp-content\/uploads\/2023\/09\/AmeliorationPerformance.png 1280w\" sizes=\"(max-width: 1024px) 100vw, 1024px\" \/><\/div>\n\t\t<\/figure>\n\t<\/div>\n<\/div><\/div><\/div><div class=\"wpb_column vc_column_container vc_col-sm-2\"><div class=\"vc_column-inner\"><div class=\"wpb_wrapper\"><\/div><\/div><\/div><\/div><div class=\"vc_row wpb_row vc_inner vc_row-fluid\"><div class=\"wpb_column vc_column_container vc_col-sm-2\"><div class=\"vc_column-inner\"><div class=\"wpb_wrapper\"><\/div><\/div><\/div><div class=\"wpb_column vc_column_container vc_col-sm-8\"><div class=\"vc_column-inner\"><div class=\"wpb_wrapper\">\n\t<div class=\"wpb_text_column wpb_content_element vc_custom_1695811220310\" >\n\t\t<div class=\"wpb_wrapper\">\n\t\t\t<p>&nbsp;<\/p>\n<p><strong>Allons plus loin<\/strong> : notre objectif est aussi d&#8217;apporter des r\u00e9sultats concrets, de la performance op\u00e9rationnelle durable et tangible. Quelques &#8220;Success Stories &#8221; que nous avons v\u00e9cues avec nos clients :<\/p>\n<ul>\n<li>\n<h4><strong>Am\u00e9lioration rapide de la visibilit\u00e9 de la Direction G\u00e9n\u00e9rale gr\u00e2ce aux donn\u00e9es diss\u00e9min\u00e9es dans l&#8217;entreprise,<\/strong><\/h4>\n<\/li>\n<li>\n<h4><strong>G\u00e9n\u00e9ration d&#8217;opportunit\u00e9s commerciales rentables,<\/strong><\/h4>\n<\/li>\n<li>\n<h4><strong>Augmentation du taux de transformation des leads du marketing en ventes,<\/strong><\/h4>\n<\/li>\n<li>\n<h4><strong>Pilotage commercial,<\/strong><\/h4>\n<\/li>\n<li>\n<h4><strong>Changement de business mod\u00e8le pour aller vers le SaaS,<\/strong><\/h4>\n<\/li>\n<li>\n<h4><strong>Efficacit\u00e9 de la chaine CRM-Facturation-ERP,<\/strong><\/h4>\n<\/li>\n<li>\n<h4><strong>Efficacit\u00e9 du recouvrement (am\u00e9lioration du DSO)<\/strong><\/h4>\n<\/li>\n<li>\n<h4><strong>Efficacit\u00e9 du contr\u00f4le de gestion et am\u00e9lioration de la rentabilit\u00e9 des op\u00e9rations<\/strong><\/h4>\n<\/li>\n<li>\n<h4><strong>Qualit\u00e9 de service et respect des SLA&#8230;<\/strong><\/h4>\n<\/li>\n<\/ul>\n\n\t\t<\/div>\n\t<\/div>\n<\/div><\/div><\/div><div class=\"wpb_column vc_column_container vc_col-sm-2\"><div class=\"vc_column-inner\"><div class=\"wpb_wrapper\"><\/div><\/div><\/div><\/div><div class=\"vc_empty_space\"   style=\"height: 30px\"><span class=\"vc_empty_space_inner\"><\/span><\/div><\/div><\/div><\/div><\/div><div class=\"vc_row-full-width vc_clearfix\"><\/div>\n<\/div>","protected":false},"excerpt":{"rendered":"Am\u00e9liorer la performance Au cours de ces derni\u00e8res ann\u00e9es, Cl\u00e9mence Business Consulting a aid\u00e9 un certain nombre de grandes entreprises \u00e0 am\u00e9liorer leur performance Qu'est-ce qui est compliqu\u00e9 ?Aujourd\u2019hui les [...]","protected":false},"author":1,"featured_media":0,"parent":0,"menu_order":0,"comment_status":"closed","ping_status":"closed","template":"","meta":{"footnotes":""},"class_list":["post-8708","page","type-page","status-publish","hentry"],"yoast_head":"<!-- This site is optimized with the Yoast SEO plugin v26.5 - https:\/\/yoast.com\/wordpress\/plugins\/seo\/ -->\n<title>Business performance - Clemence Consulting<\/title>\n<meta name=\"robots\" content=\"index, follow, max-snippet:-1, max-image-preview:large, max-video-preview:-1\" \/>\n<link rel=\"canonical\" href=\"https:\/\/www.clemenceconsulting.fr\/fr\/business-performance\/\" \/>\n<meta property=\"og:locale\" content=\"fr_FR\" \/>\n<meta property=\"og:type\" content=\"article\" \/>\n<meta property=\"og:title\" content=\"Business performance - Clemence Consulting\" \/>\n<meta property=\"og:url\" content=\"https:\/\/www.clemenceconsulting.fr\/fr\/business-performance\/\" \/>\n<meta property=\"og:site_name\" content=\"Clemence Consulting\" \/>\n<meta property=\"article:modified_time\" content=\"2023-09-27T10:40:53+00:00\" \/>\n<meta name=\"twitter:card\" content=\"summary_large_image\" \/>\n<meta name=\"twitter:label1\" content=\"Dur\u00e9e de lecture estim\u00e9e\" \/>\n\t<meta name=\"twitter:data1\" content=\"5 minutes\" \/>\n<script type=\"application\/ld+json\" class=\"yoast-schema-graph\">{\"@context\":\"https:\/\/schema.org\",\"@graph\":[{\"@type\":\"WebPage\",\"@id\":\"https:\/\/www.clemenceconsulting.fr\/business-performance\/\",\"url\":\"https:\/\/www.clemenceconsulting.fr\/business-performance\/\",\"name\":\"Business performance - Clemence Consulting\",\"isPartOf\":{\"@id\":\"https:\/\/www.clemenceconsulting.fr\/#website\"},\"datePublished\":\"2020-01-30T14:38:40+00:00\",\"dateModified\":\"2023-09-27T10:40:53+00:00\",\"inLanguage\":\"fr-FR\",\"potentialAction\":[{\"@type\":\"ReadAction\",\"target\":[\"https:\/\/www.clemenceconsulting.fr\/business-performance\/\"]}]},{\"@type\":\"WebSite\",\"@id\":\"https:\/\/www.clemenceconsulting.fr\/#website\",\"url\":\"https:\/\/www.clemenceconsulting.fr\/\",\"name\":\"Clemence Consulting\",\"description\":\"\",\"publisher\":{\"@id\":\"https:\/\/www.clemenceconsulting.fr\/#organization\"},\"potentialAction\":[{\"@type\":\"SearchAction\",\"target\":{\"@type\":\"EntryPoint\",\"urlTemplate\":\"https:\/\/www.clemenceconsulting.fr\/?s={search_term_string}\"},\"query-input\":{\"@type\":\"PropertyValueSpecification\",\"valueRequired\":true,\"valueName\":\"search_term_string\"}}],\"inLanguage\":\"fr-FR\"},{\"@type\":\"Organization\",\"@id\":\"https:\/\/www.clemenceconsulting.fr\/#organization\",\"name\":\"Clemence Consulting\",\"url\":\"https:\/\/www.clemenceconsulting.fr\/\",\"logo\":{\"@type\":\"ImageObject\",\"inLanguage\":\"fr-FR\",\"@id\":\"https:\/\/www.clemenceconsulting.fr\/#\/schema\/logo\/image\/\",\"url\":\"https:\/\/www.clemenceconsulting.fr\/wp-content\/uploads\/2020\/11\/logo-2-clemence.png\",\"contentUrl\":\"https:\/\/www.clemenceconsulting.fr\/wp-content\/uploads\/2020\/11\/logo-2-clemence.png\",\"width\":1285,\"height\":362,\"caption\":\"Clemence Consulting\"},\"image\":{\"@id\":\"https:\/\/www.clemenceconsulting.fr\/#\/schema\/logo\/image\/\"}}]}<\/script>\n<!-- \/ Yoast SEO plugin. -->","yoast_head_json":{"title":"Business performance - Clemence Consulting","robots":{"index":"index","follow":"follow","max-snippet":"max-snippet:-1","max-image-preview":"max-image-preview:large","max-video-preview":"max-video-preview:-1"},"canonical":"https:\/\/www.clemenceconsulting.fr\/fr\/business-performance\/","og_locale":"fr_FR","og_type":"article","og_title":"Business performance - Clemence Consulting","og_url":"https:\/\/www.clemenceconsulting.fr\/fr\/business-performance\/","og_site_name":"Clemence Consulting","article_modified_time":"2023-09-27T10:40:53+00:00","twitter_card":"summary_large_image","twitter_misc":{"Dur\u00e9e de lecture estim\u00e9e":"5 minutes"},"schema":{"@context":"https:\/\/schema.org","@graph":[{"@type":"WebPage","@id":"https:\/\/www.clemenceconsulting.fr\/business-performance\/","url":"https:\/\/www.clemenceconsulting.fr\/business-performance\/","name":"Business performance - Clemence Consulting","isPartOf":{"@id":"https:\/\/www.clemenceconsulting.fr\/#website"},"datePublished":"2020-01-30T14:38:40+00:00","dateModified":"2023-09-27T10:40:53+00:00","inLanguage":"fr-FR","potentialAction":[{"@type":"ReadAction","target":["https:\/\/www.clemenceconsulting.fr\/business-performance\/"]}]},{"@type":"WebSite","@id":"https:\/\/www.clemenceconsulting.fr\/#website","url":"https:\/\/www.clemenceconsulting.fr\/","name":"Clemence Consulting","description":"","publisher":{"@id":"https:\/\/www.clemenceconsulting.fr\/#organization"},"potentialAction":[{"@type":"SearchAction","target":{"@type":"EntryPoint","urlTemplate":"https:\/\/www.clemenceconsulting.fr\/?s={search_term_string}"},"query-input":{"@type":"PropertyValueSpecification","valueRequired":true,"valueName":"search_term_string"}}],"inLanguage":"fr-FR"},{"@type":"Organization","@id":"https:\/\/www.clemenceconsulting.fr\/#organization","name":"Clemence Consulting","url":"https:\/\/www.clemenceconsulting.fr\/","logo":{"@type":"ImageObject","inLanguage":"fr-FR","@id":"https:\/\/www.clemenceconsulting.fr\/#\/schema\/logo\/image\/","url":"https:\/\/www.clemenceconsulting.fr\/wp-content\/uploads\/2020\/11\/logo-2-clemence.png","contentUrl":"https:\/\/www.clemenceconsulting.fr\/wp-content\/uploads\/2020\/11\/logo-2-clemence.png","width":1285,"height":362,"caption":"Clemence Consulting"},"image":{"@id":"https:\/\/www.clemenceconsulting.fr\/#\/schema\/logo\/image\/"}}]}},"jetpack_sharing_enabled":true,"_links":{"self":[{"href":"https:\/\/www.clemenceconsulting.fr\/fr\/wp-json\/wp\/v2\/pages\/8708","targetHints":{"allow":["GET"]}}],"collection":[{"href":"https:\/\/www.clemenceconsulting.fr\/fr\/wp-json\/wp\/v2\/pages"}],"about":[{"href":"https:\/\/www.clemenceconsulting.fr\/fr\/wp-json\/wp\/v2\/types\/page"}],"author":[{"embeddable":true,"href":"https:\/\/www.clemenceconsulting.fr\/fr\/wp-json\/wp\/v2\/users\/1"}],"replies":[{"embeddable":true,"href":"https:\/\/www.clemenceconsulting.fr\/fr\/wp-json\/wp\/v2\/comments?post=8708"}],"version-history":[{"count":64,"href":"https:\/\/www.clemenceconsulting.fr\/fr\/wp-json\/wp\/v2\/pages\/8708\/revisions"}],"predecessor-version":[{"id":10726,"href":"https:\/\/www.clemenceconsulting.fr\/fr\/wp-json\/wp\/v2\/pages\/8708\/revisions\/10726"}],"wp:attachment":[{"href":"https:\/\/www.clemenceconsulting.fr\/fr\/wp-json\/wp\/v2\/media?parent=8708"}],"curies":[{"name":"wp","href":"https:\/\/api.w.org\/{rel}","templated":true}]}}