{"id":8699,"date":"2020-01-30T15:17:51","date_gmt":"2020-01-30T14:17:51","guid":{"rendered":"http:\/\/clemence.vixenvalley.fr\/?page_id=8699"},"modified":"2023-09-23T18:44:54","modified_gmt":"2023-09-23T16:44:54","slug":"digitalisation","status":"publish","type":"page","link":"https:\/\/www.clemenceconsulting.fr\/fr\/digitalisation\/","title":{"rendered":"Digitalisation de processus m\u00e9tier"},"content":{"rendered":"<div class=\"wpb-content-wrapper\"><div data-vc-full-width=\"true\" data-vc-full-width-init=\"false\" class=\"vc_row wpb_row vc_row-fluid headerVideo vc_custom_1599663689265 vc_row-has-fill vc_row-has-padding-top vc_row-has-padding-bottom\"><div class=\"kd-overlay\"  style=\"background-color:rgba(0,0,0,0.5);\"><\/div><div class=\"wpb_column vc_column_container vc_col-sm-12\"><div class=\"vc_column-inner\"><div class=\"wpb_wrapper\"><\/div><\/div><\/div><\/div><div class=\"vc_row-full-width vc_clearfix\"><\/div><div data-vc-full-width=\"true\" data-vc-full-width-init=\"false\" data-vc-stretch-content=\"true\" class=\"vc_row wpb_row vc_row-fluid vc_custom_1599663698074 vc_row-has-fill vc_row-has-padding-top vc_row-has-padding-bottom vc_row-has-padding-left vc_row-has-padding-right\"><div class=\"wpb_column vc_column_container vc_col-sm-12 vc_col-lg-5 vc_col-md-5\"><div class=\"vc_column-inner vc_custom_1599649910751\"><div class=\"wpb_wrapper\"><div class=\"vc_row wpb_row vc_inner vc_row-fluid vc_custom_1599645729299 vc_row-o-content-top vc_row-flex\"><div class=\"wpb_column vc_column_container vc_col-sm-12\"><div class=\"vc_column-inner vc_custom_1541520230301\"><div class=\"wpb_wrapper\"><header class=\"kd-section-title col-lg-12 text-left    \" ><h2 class=\"separator_off\" style=\"color: #000000;font-size: 55px;\">La digitalisation de processus m\u00e9tier<\/h2><\/header><div class=\"vc_empty_space\"   style=\"height: 30px\"><span class=\"vc_empty_space_inner\"><\/span><\/div><\/div><\/div><\/div><\/div><\/div><\/div><\/div><div class=\"wpb_column vc_column_container vc_col-sm-12 vc_col-lg-7 vc_col-md-7\"><div class=\"vc_column-inner\"><div class=\"wpb_wrapper\">\n\t<div class=\"wpb_text_column wpb_content_element\" >\n\t\t<div class=\"wpb_wrapper\">\n\t\t\t<h3><strong>Parce qu\u2019il est difficile de s\u2019accorder sur un besoin sans pouvoir toucher du doigt une solution qui n\u2019existe pas encore et pour vous aider \u00e0 r\u00e9ussir vos projets : nous sommes l\u00e0.<\/strong><\/h3>\n\n\t\t<\/div>\n\t<\/div>\n<\/div><\/div><\/div><\/div><div class=\"vc_row-full-width vc_clearfix\"><\/div><div data-vc-full-width=\"true\" data-vc-full-width-init=\"false\" data-vc-stretch-content=\"true\" class=\"vc_row wpb_row vc_row-fluid vc_row-no-padding vc_row-o-full-height vc_row-o-columns-bottom vc_row-o-equal-height vc_row-flex\"><div class=\"wpb_column vc_column_container vc_col-sm-6 vc_col-lg-6 vc_col-md-12 vc_col-has-fill\"><div class=\"vc_column-inner vc_custom_1580304339410\"><div class=\"wpb_wrapper\"><div class=\"vc_row wpb_row vc_inner vc_row-fluid vc_custom_1580308863360 vc_row-has-fill vc_row-has-padding-top vc_row-has-padding-bottom vc_row-o-equal-height vc_row-o-content-middle vc_row-flex\"><div class=\"wpb_column vc_column_container vc_col-sm-2\"><div class=\"vc_column-inner vc_custom_1580304049212\"><div class=\"wpb_wrapper\"><\/div><\/div><\/div><div class=\"wpb_column vc_column_container vc_col-sm-8\"><div class=\"vc_column-inner\"><div class=\"wpb_wrapper\"><header class=\"kd-section-title col-lg-12 text-left  kd-animated fadeIn   vc_custom_1580393649380\" data-animation-delay=200><h2 class=\"separator_off\" >Qu'est-ce que la digitalisation de processus m\u00e9tier ?<\/h2><\/header><div class=\"vc_empty_space\"   style=\"height: 20px\"><span class=\"vc_empty_space_inner\"><\/span><\/div>\n\t<div class=\"wpb_text_column wpb_content_element vc_custom_1580393664424\" >\n\t\t<div class=\"wpb_wrapper\">\n\t\t\t<p>La transformation m\u00e9tier et SI am\u00e9liore la performance de l\u2019entreprise par l\u2019optimisation des processus m\u00e9tier et l\u2019\u00e9volution du SI. Elle permet de mettre \u00e0 disposition des utilisateurs des solutions pragmatiques et innovantes.<\/p>\n<p>En comprenant vos enjeux, en travaillant avec tous les acteurs de votre \u00e9cosyst\u00e8me, en analysant vos donn\u00e9es nous vous aidons \u00e0 cadrer vos besoins, en particulier lorsqu\u2019ils concernent plusieurs directions, puis \u00e0 choisir et mettre en place une solution adapt\u00e9e et \u00e0 l\u2019utiliser.<\/p>\n\n\t\t<\/div>\n\t<\/div>\n<\/div><\/div><\/div><div class=\"wpb_column vc_column_container vc_col-sm-2\"><div class=\"vc_column-inner\"><div class=\"wpb_wrapper\"><\/div><\/div><\/div><\/div><\/div><\/div><\/div><div class=\"wpb_column vc_column_container vc_col-sm-6 vc_col-lg-6 vc_col-md-12 vc_col-has-fill\"><div class=\"vc_column-inner vc_custom_1599988896998\"><div class=\"wpb_wrapper\"><div class=\"vc_row wpb_row vc_inner vc_row-fluid\"><div class=\"wpb_column vc_column_container vc_col-sm-12 vc_hidden-sm vc_hidden-xs\"><div class=\"vc_column-inner\"><div class=\"wpb_wrapper\"><div class=\"vc_empty_space\"   style=\"height: 50px\"><span class=\"vc_empty_space_inner\"><\/span><\/div><\/div><\/div><\/div><\/div><div class=\"vc_row wpb_row vc_inner vc_row-fluid vc_custom_1580393236493 vc_row-has-fill vc_row-has-padding-top vc_row-has-padding-bottom vc_row-o-equal-height vc_row-o-content-bottom vc_row-flex\"><div class=\"wpb_column vc_column_container vc_col-sm-2\"><div class=\"vc_column-inner vc_custom_1511789291663\"><div class=\"wpb_wrapper\"><\/div><\/div><\/div><div class=\"wpb_column vc_column_container vc_col-sm-8\"><div class=\"vc_column-inner\"><div class=\"wpb_wrapper\">\n\t<div class=\"wpb_text_column wpb_content_element vc_custom_1580393682042\" >\n\t\t<div class=\"wpb_wrapper\">\n\t\t\t<h2 class=\"title\">Notre expertise<\/h2>\n<p class=\"desc\">Nos connaissances m\u00e9tier, en particulier marketing ventes, comptabilit\u00e9 et comptabilit\u00e9 analytique et nos savoir-faire en cadrage de projet et assistance aux ma\u00eetrises d\u2019ouvrage nous permettent de vous accompagner des phases amont de cadrage des projets, d\u2019expression des besoins et de consultation du march\u00e9 jusqu\u2019au d\u00e9marrage des op\u00e9rations avec les nouvelles solutions.<\/p>\n<div class=\"clearfix\"><\/div>\n\n\t\t<\/div>\n\t<\/div>\n<\/div><\/div><\/div><div class=\"wpb_column vc_column_container vc_col-sm-2\"><div class=\"vc_column-inner\"><div class=\"wpb_wrapper\"><\/div><\/div><\/div><\/div><\/div><\/div><\/div><\/div><div class=\"vc_row-full-width vc_clearfix\"><\/div><div data-vc-full-width=\"true\" data-vc-full-width-init=\"false\" data-vc-stretch-content=\"true\" class=\"vc_row wpb_row vc_row-fluid vc_custom_1599054419035 vc_row-has-fill vc_row-has-padding-left vc_row-has-padding-right vc_row-o-full-height vc_row-o-columns-middle vc_row-o-equal-height vc_row-o-content-middle vc_row-flex\"><div class=\"wpb_column vc_column_container vc_col-sm-12\"><div class=\"vc_column-inner\"><div class=\"wpb_wrapper\"><div class=\"vc_empty_space\"   style=\"height: 30px\"><span class=\"vc_empty_space_inner\"><\/span><\/div><div class=\"vc_row wpb_row vc_inner vc_row-fluid\"><div class=\"wpb_column vc_column_container vc_col-sm-2\"><div class=\"vc_column-inner\"><div class=\"wpb_wrapper\"><\/div><\/div><\/div><div class=\"wpb_column vc_column_container vc_col-sm-12\"><div class=\"vc_column-inner\"><div class=\"wpb_wrapper\">\n\t<div class=\"wpb_text_column wpb_content_element vc_custom_1580397116680\" >\n\t\t<div class=\"wpb_wrapper\">\n\t\t\t<h2 class=\"title\">En quoi est-ce utile ?<\/h2>\n<p>La digitalisation de processus m\u00e9tiers permet d\u2019aligner les processus et le SI par rapport aux enjeux m\u00e9tier et d\u2019int\u00e9grer une vision terrain.<\/p>\n<p>Elle int\u00e8gre les sp\u00e9cificit\u00e9s locales et les pr\u00e9requis pour permettre un traitement fluide et performant centr\u00e9 sur le client.<\/p>\n<p>Elle passe par la d\u00e9finition d\u2019une trajectoire pragmatique o\u00f9 la cible est la digitalisation des processus cl\u00e9s de l\u2019entreprise en partageant une vision 360\u00b0 entre Commerce, Marketing, Op\u00e9rations et Finance.<\/p>\n<p>Elle permet de gagner en agilit\u00e9, en performance et en capacit\u00e9 d\u2019am\u00e9liorer l\u2019exp\u00e9rience client par : une gestion omnicanale sans couture, l\u2019analyse de l\u2019efficacit\u00e9 des actions commerciales et des partenariats, l\u2019animation des plans d\u2019actions commerciaux et l\u2019am\u00e9lioration des op\u00e9rations clients, que celles-ci soient li\u00e9es \u00e0 une opportunit\u00e9 ou une r\u00e9clamation, lors de la facturation et de la comptabilisation ou du recouvrement.<\/p>\n\n\t\t<\/div>\n\t<\/div>\n<\/div><\/div><\/div><\/div><div class=\"vc_empty_space\"   style=\"height: 30px\"><span class=\"vc_empty_space_inner\"><\/span><\/div><\/div><\/div><\/div><\/div><div class=\"vc_row-full-width vc_clearfix\"><\/div><div class=\"vc_row wpb_row vc_row-fluid vc_custom_1580304946781 vc_row-has-padding-left vc_row-has-padding-right\"><div class=\"wpb_column vc_column_container vc_col-sm-12\"><div class=\"vc_column-inner\"><div class=\"wpb_wrapper\"><div class=\"vc_row wpb_row vc_inner vc_row-fluid\"><div class=\"wpb_column vc_column_container vc_col-sm-12\"><div class=\"vc_column-inner\"><div class=\"wpb_wrapper\"><div class=\"vc_empty_space\"   style=\"height: 52px\"><span class=\"vc_empty_space_inner\"><\/span><\/div><header class=\"kd-section-title col-lg-12 text-left  kd-animated fadeIn   vc_custom_1599471262445\" data-animation-delay=200><h2 class=\"separator_off\" style=\"color: #0a0a0a;\">Notre approche<\/h2><h6 class=\"subtitle \" style=\"color: #000000;\">Pour des transformations r\u00e9alistes, des projets r\u00e9ussis et des op\u00e9rations efficaces, nos expertises Marketing\/Finance et Donn\u00e9es nourrissent nos interventions d\u2019Assistance \u00e0 Maitrise d\u2019Ouvrage structur\u00e9es.<\/h6><\/header><div class=\"vc_empty_space\"   style=\"height: 52px\"><span class=\"vc_empty_space_inner\"><\/span><\/div><\/div><\/div><\/div><\/div><\/div><\/div><\/div><\/div><div data-vc-full-width=\"true\" data-vc-full-width-init=\"false\" data-vc-stretch-content=\"true\" class=\"vc_row wpb_row vc_row-fluid vc_custom_1599054432733 vc_row-has-fill vc_row-has-padding-left vc_row-has-padding-right vc_row-o-full-height vc_row-o-columns-middle vc_row-o-equal-height vc_row-o-content-middle vc_row-flex\"><div data-vc-parallax=\"1.5\" data-vc-parallax-image=\"https:\/\/www.clemenceconsulting.fr\/wp-content\/uploads\/2020\/02\/digitalisationBe.jpg\" class=\"wpb_column vc_column_container vc_col-sm-2\/5 vc_hidden-xs vc_col-has-fill vc_general vc_parallax vc_parallax-content-moving\"><div class=\"vc_column-inner vc_custom_1582024048086\"><div class=\"wpb_wrapper\"><\/div><\/div><\/div><div class=\"wpb_column vc_column_container vc_col-sm-3\/5\"><div class=\"vc_column-inner\"><div class=\"wpb_wrapper\"><div class=\"vc_row wpb_row vc_inner vc_row-fluid vc_custom_1579267967918 vc_row-has-fill vc_row-has-padding-top\"><div class=\"wpb_column vc_column_container vc_col-sm-2\"><div class=\"vc_column-inner\"><div class=\"wpb_wrapper\">\r\n            <div class=\"kd-process-steps process_three_elem process-checkbox-template \">\r\n                <ul>\r\n                <li class=\"pss-item\" >\r\n                    <div class=\"pss-container  \" ><div class=\"pss-step-number\"><span >1<\/span><\/div><div class=\"pss-text-area\">\r\n                            <h5 ><\/h5>\r\n                            <p ><\/p><\/div>\r\n                    <\/div>\r\n                <\/li><\/ul>\r\n            <\/div><\/div><\/div><\/div><div class=\"wpb_column vc_column_container vc_col-sm-8\"><div class=\"vc_column-inner\"><div class=\"wpb_wrapper\">\n\t<div class=\"wpb_text_column wpb_content_element vc_custom_1580393761822\" >\n\t\t<div class=\"wpb_wrapper\">\n\t\t\t<h5 class=\"mb10\">COMP\u00c9TENCES ET APPROCHES<\/h5>\n<p>Au cours de ces derni\u00e8res ann\u00e9es, Clemence a aid\u00e9 un certain nombre de grandes entreprises \u00e0 faire \u00e9voluer ses processus m\u00e9tier et son SI. Comment ? Par la double comp\u00e9tence m\u00e9tier et SI de ses consultants et par ses approches innovantes.<\/p>\n\n\t\t<\/div>\n\t<\/div>\n<\/div><\/div><\/div><div class=\"wpb_column vc_column_container vc_col-sm-2\"><div class=\"vc_column-inner\"><div class=\"wpb_wrapper\"><\/div><\/div><\/div><\/div><div class=\"vc_empty_space\"   style=\"height: 30px\"><span class=\"vc_empty_space_inner\"><\/span><\/div><div class=\"vc_row wpb_row vc_inner vc_row-fluid vc_custom_1579267978427 vc_row-has-fill\"><div class=\"wpb_column vc_column_container vc_col-sm-2\"><div class=\"vc_column-inner\"><div class=\"wpb_wrapper\">\r\n            <div class=\"kd-process-steps process_three_elem process-checkbox-template \">\r\n                <ul>\r\n                <li class=\"pss-item\" >\r\n                    <div class=\"pss-container  \" ><div class=\"pss-step-number\"><span >2<\/span><\/div><div class=\"pss-text-area\">\r\n                            <h5 ><\/h5>\r\n                            <p ><\/p><\/div>\r\n                    <\/div>\r\n                <\/li><\/ul>\r\n            <\/div><\/div><\/div><\/div><div class=\"wpb_column vc_column_container vc_col-sm-8\"><div class=\"vc_column-inner\"><div class=\"wpb_wrapper\">\n\t<div class=\"wpb_text_column wpb_content_element vc_custom_1580393791012\" >\n\t\t<div class=\"wpb_wrapper\">\n\t\t\t<h5 class=\"mb10\">PILOTAGE<\/h5>\n<p>Nous travaillons soit classiquement en mode int\u00e9gr\u00e9 avec vos \u00e9quipes soit via des dispositifs que nous pilotons. Notre objectif est alors d\u2019apporter rapidement, en \u00ab\u00a0time to market\u00a0\u00bb :<\/p>\n<ul class=\"default-ul\">\n<li>Des cl\u00e9s concr\u00e8tes d\u2019analyse et de conception : d\u2019une part la posture actuelle de l\u2019organisation ou des organisations impliqu\u00e9es, d\u2019autre part la r\u00e9alit\u00e9 des donn\u00e9es.<\/li>\n<li>Une dynamique autour d\u2019une cible et d\u2019une trajectoire partag\u00e9es au sein de(s) organisation(s).<\/li>\n<li>Des r\u00e9sultats exp\u00e9riment\u00e9s par les m\u00e9tiers et align\u00e9s avec les enjeux de l\u2019Entreprise.<\/li>\n<\/ul>\n\n\t\t<\/div>\n\t<\/div>\n<\/div><\/div><\/div><div class=\"wpb_column vc_column_container vc_col-sm-2\"><div class=\"vc_column-inner\"><div class=\"wpb_wrapper\"><\/div><\/div><\/div><\/div><div class=\"vc_empty_space\"   style=\"height: 30px\"><span class=\"vc_empty_space_inner\"><\/span><\/div><div class=\"vc_row wpb_row vc_inner vc_row-fluid vc_custom_1579267978427 vc_row-has-fill\"><div class=\"wpb_column vc_column_container vc_col-sm-2\"><div class=\"vc_column-inner\"><div class=\"wpb_wrapper\">\r\n            <div class=\"kd-process-steps process_three_elem process-checkbox-template \">\r\n                <ul>\r\n                <li class=\"pss-item\" >\r\n                    <div class=\"pss-container  \" ><div class=\"pss-step-number\"><span >3<\/span><\/div><div class=\"pss-text-area\">\r\n                            <h5 ><\/h5>\r\n                            <p ><\/p><\/div>\r\n                    <\/div>\r\n                <\/li><\/ul>\r\n            <\/div><\/div><\/div><\/div><div class=\"wpb_column vc_column_container vc_col-sm-8\"><div class=\"vc_column-inner\"><div class=\"wpb_wrapper\">\n\t<div class=\"wpb_text_column wpb_content_element vc_custom_1580393859859\" >\n\t\t<div class=\"wpb_wrapper\">\n\t\t\t<h5 class=\"mb10\">M\u00c9THODOLOGIE<\/h5>\n<p>Nous proc\u00e9dons par interviews, ateliers, prototypage et nous vous proposons :<\/p>\n<ul class=\"default-ul\">\n<li>La mise \u00e0 disposition rapide d\u2019un prototype grandeur nature : compl\u00e8tement op\u00e9rationnels mais pas encore industrialis\u00e9s.<\/li>\n<li>L\u2019intervention \u00ab\u00a0fast track\u00a0\u00bb de nos experts UX en compl\u00e9ment de toutes nos interventions<\/li>\n<\/ul>\n\n\t\t<\/div>\n\t<\/div>\n<\/div><\/div><\/div><div class=\"wpb_column vc_column_container vc_col-sm-2\"><div class=\"vc_column-inner\"><div class=\"wpb_wrapper\"><\/div><\/div><\/div><\/div><div class=\"vc_empty_space\"   style=\"height: 30px\"><span class=\"vc_empty_space_inner\"><\/span><\/div><\/div><\/div><\/div><\/div><div class=\"vc_row-full-width vc_clearfix\"><\/div>\n<\/div>","protected":false},"excerpt":{"rendered":"La digitalisation de processus m\u00e9tier Parce qu\u2019il est difficile de s\u2019accorder sur un besoin sans pouvoir toucher du doigt une solution qui n\u2019existe pas encore et pour vous aider \u00e0 [...]","protected":false},"author":1,"featured_media":0,"parent":0,"menu_order":0,"comment_status":"closed","ping_status":"closed","template":"","meta":{"footnotes":""},"class_list":["post-8699","page","type-page","status-publish","hentry"],"yoast_head":"<!-- This site is optimized with the Yoast SEO plugin v26.5 - https:\/\/yoast.com\/wordpress\/plugins\/seo\/ -->\n<title>Digitalisation de processus m\u00e9tier - Clemence Consulting<\/title>\n<meta name=\"robots\" content=\"index, follow, max-snippet:-1, max-image-preview:large, max-video-preview:-1\" \/>\n<link rel=\"canonical\" href=\"https:\/\/www.clemenceconsulting.fr\/fr\/digitalisation\/\" \/>\n<meta property=\"og:locale\" content=\"fr_FR\" \/>\n<meta property=\"og:type\" content=\"article\" \/>\n<meta property=\"og:title\" content=\"Digitalisation de processus m\u00e9tier - Clemence Consulting\" \/>\n<meta property=\"og:url\" content=\"https:\/\/www.clemenceconsulting.fr\/fr\/digitalisation\/\" \/>\n<meta property=\"og:site_name\" content=\"Clemence Consulting\" \/>\n<meta property=\"article:modified_time\" content=\"2023-09-23T16:44:54+00:00\" \/>\n<meta name=\"twitter:card\" content=\"summary_large_image\" \/>\n<meta name=\"twitter:label1\" content=\"Dur\u00e9e de lecture estim\u00e9e\" \/>\n\t<meta name=\"twitter:data1\" content=\"8 minutes\" \/>\n<script type=\"application\/ld+json\" class=\"yoast-schema-graph\">{\"@context\":\"https:\/\/schema.org\",\"@graph\":[{\"@type\":\"WebPage\",\"@id\":\"https:\/\/www.clemenceconsulting.fr\/digitalisation\/\",\"url\":\"https:\/\/www.clemenceconsulting.fr\/digitalisation\/\",\"name\":\"Digitalisation de processus m\u00e9tier - Clemence Consulting\",\"isPartOf\":{\"@id\":\"https:\/\/www.clemenceconsulting.fr\/#website\"},\"datePublished\":\"2020-01-30T14:17:51+00:00\",\"dateModified\":\"2023-09-23T16:44:54+00:00\",\"inLanguage\":\"fr-FR\",\"potentialAction\":[{\"@type\":\"ReadAction\",\"target\":[\"https:\/\/www.clemenceconsulting.fr\/digitalisation\/\"]}]},{\"@type\":\"WebSite\",\"@id\":\"https:\/\/www.clemenceconsulting.fr\/#website\",\"url\":\"https:\/\/www.clemenceconsulting.fr\/\",\"name\":\"Clemence Consulting\",\"description\":\"\",\"publisher\":{\"@id\":\"https:\/\/www.clemenceconsulting.fr\/#organization\"},\"potentialAction\":[{\"@type\":\"SearchAction\",\"target\":{\"@type\":\"EntryPoint\",\"urlTemplate\":\"https:\/\/www.clemenceconsulting.fr\/?s={search_term_string}\"},\"query-input\":{\"@type\":\"PropertyValueSpecification\",\"valueRequired\":true,\"valueName\":\"search_term_string\"}}],\"inLanguage\":\"fr-FR\"},{\"@type\":\"Organization\",\"@id\":\"https:\/\/www.clemenceconsulting.fr\/#organization\",\"name\":\"Clemence Consulting\",\"url\":\"https:\/\/www.clemenceconsulting.fr\/\",\"logo\":{\"@type\":\"ImageObject\",\"inLanguage\":\"fr-FR\",\"@id\":\"https:\/\/www.clemenceconsulting.fr\/#\/schema\/logo\/image\/\",\"url\":\"https:\/\/www.clemenceconsulting.fr\/wp-content\/uploads\/2020\/11\/logo-2-clemence.png\",\"contentUrl\":\"https:\/\/www.clemenceconsulting.fr\/wp-content\/uploads\/2020\/11\/logo-2-clemence.png\",\"width\":1285,\"height\":362,\"caption\":\"Clemence Consulting\"},\"image\":{\"@id\":\"https:\/\/www.clemenceconsulting.fr\/#\/schema\/logo\/image\/\"}}]}<\/script>\n<!-- \/ Yoast SEO plugin. -->","yoast_head_json":{"title":"Digitalisation de processus m\u00e9tier - Clemence Consulting","robots":{"index":"index","follow":"follow","max-snippet":"max-snippet:-1","max-image-preview":"max-image-preview:large","max-video-preview":"max-video-preview:-1"},"canonical":"https:\/\/www.clemenceconsulting.fr\/fr\/digitalisation\/","og_locale":"fr_FR","og_type":"article","og_title":"Digitalisation de processus m\u00e9tier - Clemence Consulting","og_url":"https:\/\/www.clemenceconsulting.fr\/fr\/digitalisation\/","og_site_name":"Clemence Consulting","article_modified_time":"2023-09-23T16:44:54+00:00","twitter_card":"summary_large_image","twitter_misc":{"Dur\u00e9e de lecture estim\u00e9e":"8 minutes"},"schema":{"@context":"https:\/\/schema.org","@graph":[{"@type":"WebPage","@id":"https:\/\/www.clemenceconsulting.fr\/digitalisation\/","url":"https:\/\/www.clemenceconsulting.fr\/digitalisation\/","name":"Digitalisation de processus m\u00e9tier - Clemence Consulting","isPartOf":{"@id":"https:\/\/www.clemenceconsulting.fr\/#website"},"datePublished":"2020-01-30T14:17:51+00:00","dateModified":"2023-09-23T16:44:54+00:00","inLanguage":"fr-FR","potentialAction":[{"@type":"ReadAction","target":["https:\/\/www.clemenceconsulting.fr\/digitalisation\/"]}]},{"@type":"WebSite","@id":"https:\/\/www.clemenceconsulting.fr\/#website","url":"https:\/\/www.clemenceconsulting.fr\/","name":"Clemence Consulting","description":"","publisher":{"@id":"https:\/\/www.clemenceconsulting.fr\/#organization"},"potentialAction":[{"@type":"SearchAction","target":{"@type":"EntryPoint","urlTemplate":"https:\/\/www.clemenceconsulting.fr\/?s={search_term_string}"},"query-input":{"@type":"PropertyValueSpecification","valueRequired":true,"valueName":"search_term_string"}}],"inLanguage":"fr-FR"},{"@type":"Organization","@id":"https:\/\/www.clemenceconsulting.fr\/#organization","name":"Clemence Consulting","url":"https:\/\/www.clemenceconsulting.fr\/","logo":{"@type":"ImageObject","inLanguage":"fr-FR","@id":"https:\/\/www.clemenceconsulting.fr\/#\/schema\/logo\/image\/","url":"https:\/\/www.clemenceconsulting.fr\/wp-content\/uploads\/2020\/11\/logo-2-clemence.png","contentUrl":"https:\/\/www.clemenceconsulting.fr\/wp-content\/uploads\/2020\/11\/logo-2-clemence.png","width":1285,"height":362,"caption":"Clemence Consulting"},"image":{"@id":"https:\/\/www.clemenceconsulting.fr\/#\/schema\/logo\/image\/"}}]}},"jetpack_sharing_enabled":true,"_links":{"self":[{"href":"https:\/\/www.clemenceconsulting.fr\/fr\/wp-json\/wp\/v2\/pages\/8699","targetHints":{"allow":["GET"]}}],"collection":[{"href":"https:\/\/www.clemenceconsulting.fr\/fr\/wp-json\/wp\/v2\/pages"}],"about":[{"href":"https:\/\/www.clemenceconsulting.fr\/fr\/wp-json\/wp\/v2\/types\/page"}],"author":[{"embeddable":true,"href":"https:\/\/www.clemenceconsulting.fr\/fr\/wp-json\/wp\/v2\/users\/1"}],"replies":[{"embeddable":true,"href":"https:\/\/www.clemenceconsulting.fr\/fr\/wp-json\/wp\/v2\/comments?post=8699"}],"version-history":[{"count":12,"href":"https:\/\/www.clemenceconsulting.fr\/fr\/wp-json\/wp\/v2\/pages\/8699\/revisions"}],"predecessor-version":[{"id":10578,"href":"https:\/\/www.clemenceconsulting.fr\/fr\/wp-json\/wp\/v2\/pages\/8699\/revisions\/10578"}],"wp:attachment":[{"href":"https:\/\/www.clemenceconsulting.fr\/fr\/wp-json\/wp\/v2\/media?parent=8699"}],"curies":[{"name":"wp","href":"https:\/\/api.w.org\/{rel}","templated":true}]}}