{"id":8680,"date":"2020-01-30T14:32:11","date_gmt":"2020-01-30T13:32:11","guid":{"rendered":"http:\/\/clemence.vixenvalley.fr\/?page_id=8680"},"modified":"2023-09-25T12:23:36","modified_gmt":"2023-09-25T10:23:36","slug":"data-et-performance","status":"publish","type":"page","link":"https:\/\/www.clemenceconsulting.fr\/fr\/data-et-performance\/","title":{"rendered":"Data performance"},"content":{"rendered":"<div class=\"wpb-content-wrapper\"><div data-vc-full-width=\"true\" data-vc-full-width-init=\"false\" class=\"vc_row wpb_row vc_row-fluid headerVideo vc_custom_1599663502104 vc_row-has-fill vc_row-has-padding-top vc_row-has-padding-bottom\"><div class=\"kd-overlay\"  style=\"background-color:rgba(0,0,0,0.5);\"><\/div><div class=\"wpb_column vc_column_container vc_col-sm-12\"><div class=\"vc_column-inner\"><div class=\"wpb_wrapper\"><\/div><\/div><\/div><\/div><div class=\"vc_row-full-width vc_clearfix\"><\/div><div data-vc-full-width=\"true\" data-vc-full-width-init=\"false\" data-vc-stretch-content=\"true\" class=\"vc_row wpb_row vc_row-fluid vc_custom_1599663513142 vc_row-has-fill vc_row-has-padding-top vc_row-has-padding-bottom vc_row-has-padding-left vc_row-has-padding-right\"><div class=\"wpb_column vc_column_container vc_col-sm-12 vc_col-lg-5 vc_col-md-5\"><div class=\"vc_column-inner vc_custom_1599649910751\"><div class=\"wpb_wrapper\"><div class=\"vc_row wpb_row vc_inner vc_row-fluid vc_custom_1599645729299 vc_row-o-content-top vc_row-flex\"><div class=\"wpb_column vc_column_container vc_col-sm-12\"><div class=\"vc_column-inner vc_custom_1541520230301\"><div class=\"wpb_wrapper\"><header class=\"kd-section-title col-lg-12 text-left    \" ><h2 class=\"separator_off\" style=\"color: #000000;font-size: 55px;\">Data performance<\/h2><\/header><div class=\"vc_empty_space\"   style=\"height: 30px\"><span class=\"vc_empty_space_inner\"><\/span><\/div><\/div><\/div><\/div><\/div><\/div><\/div><\/div><div class=\"wpb_column vc_column_container vc_col-sm-12 vc_col-lg-7 vc_col-md-7\"><div class=\"vc_column-inner\"><div class=\"wpb_wrapper\">\n\t<div class=\"wpb_text_column wpb_content_element\" >\n\t\t<div class=\"wpb_wrapper\">\n\t\t\t\n\t\t<\/div>\n\t<\/div>\n<\/div><\/div><\/div><\/div><div class=\"vc_row-full-width vc_clearfix\"><\/div><div data-vc-full-width=\"true\" data-vc-full-width-init=\"false\" data-vc-stretch-content=\"true\" class=\"vc_row wpb_row vc_row-fluid vc_row-no-padding vc_row-o-full-height vc_row-o-columns-bottom vc_row-o-equal-height vc_row-flex\"><div class=\"wpb_column vc_column_container vc_col-sm-6 vc_col-lg-6 vc_col-md-12 vc_col-has-fill\"><div class=\"vc_column-inner vc_custom_1580304339410\"><div class=\"wpb_wrapper\">\n\t<div  class=\"wpb_single_image wpb_content_element vc_align_center wpb_content_element\">\n\t\t\n\t\t<figure class=\"wpb_wrapper vc_figure\">\n\t\t\t<div class=\"vc_single_image-wrapper   vc_box_border_grey\"><img fetchpriority=\"high\" decoding=\"async\" width=\"300\" height=\"300\" src=\"https:\/\/www.clemenceconsulting.fr\/wp-content\/uploads\/2023\/09\/schema_supelec_03-300x300.png\" class=\"vc_single_image-img attachment-medium\" alt=\"\" title=\"schema_supelec_03\" srcset=\"https:\/\/www.clemenceconsulting.fr\/wp-content\/uploads\/2023\/09\/schema_supelec_03-300x300.png 300w, https:\/\/www.clemenceconsulting.fr\/wp-content\/uploads\/2023\/09\/schema_supelec_03-1024x1024.png 1024w, https:\/\/www.clemenceconsulting.fr\/wp-content\/uploads\/2023\/09\/schema_supelec_03-150x150.png 150w, https:\/\/www.clemenceconsulting.fr\/wp-content\/uploads\/2023\/09\/schema_supelec_03-768x768.png 768w, https:\/\/www.clemenceconsulting.fr\/wp-content\/uploads\/2023\/09\/schema_supelec_03-1536x1536.png 1536w, https:\/\/www.clemenceconsulting.fr\/wp-content\/uploads\/2023\/09\/schema_supelec_03-2048x2048.png 2048w, https:\/\/www.clemenceconsulting.fr\/wp-content\/uploads\/2023\/09\/schema_supelec_03-12x12.png 12w, https:\/\/www.clemenceconsulting.fr\/wp-content\/uploads\/2023\/09\/schema_supelec_03-320x320.png 320w, https:\/\/www.clemenceconsulting.fr\/wp-content\/uploads\/2023\/09\/schema_supelec_03-800x800.png 800w\" sizes=\"(max-width: 300px) 100vw, 300px\" \/><\/div>\n\t\t<\/figure>\n\t<\/div>\n<div class=\"vc_row wpb_row vc_inner vc_row-fluid vc_custom_1580308863360 vc_row-has-fill vc_row-has-padding-top vc_row-has-padding-bottom vc_row-o-equal-height vc_row-o-content-middle vc_row-flex\"><div class=\"wpb_column vc_column_container vc_col-sm-12\"><div class=\"vc_column-inner\"><div class=\"wpb_wrapper\"><header class=\"kd-section-title col-lg-12 text-left  kd-animated fadeIn   vc_custom_1599471143787\" data-animation-delay=200><h2 class=\"separator_off\" >Qu'est-ce que la Data performance ?<\/h2><\/header><div class=\"vc_empty_space\"   style=\"height: 20px\"><span class=\"vc_empty_space_inner\"><\/span><\/div>\n\t<div class=\"wpb_text_column wpb_content_element vc_custom_1695603418614\" >\n\t\t<div class=\"wpb_wrapper\">\n\t\t\t<p>De fa\u00e7on holistique, la Data Performance se d\u00e9finit par 3 composantes :<br \/>\nl\u2019efficacit\u00e9 de l\u2019utilisation des donn\u00e9es en regard des objectifs m\u00e9tier, combin\u00e9e \u00e0 l\u2019efficience des processus en fonction des co\u00fbts et \u00e0 la pertinence de la mobilisation des moyens : Humain, Intelligence Artificielle de confiance. L\u2019enjeu concret de la \u00ab Data Performance \u00bb est l\u2019am\u00e9lioration de la performance gr\u00e2ce<br \/>\naux donn\u00e9es.<\/p>\n<p>La Data Performance passe par la diffusion de la culture de la donn\u00e9e dont les piliers sont : l\u2019int\u00e9gration des donn\u00e9es de diff\u00e9rentes sources, l\u2019analyse et l\u2019exploitation des donn\u00e9es.<\/p>\n<p>Selon une \u00e9tude r\u00e9cente, le volume mondial des donn\u00e9es aura quasi quadrupl\u00e9 entre 2019 et 2025 et atteindra les 175 zettaoctets. Et pourtant, en 2023 encore trop de chantiers Data ne r\u00e9ussissent pas \u00e0 am\u00e9liorer la performance de leur entreprise.<\/p>\n<p>Pour r\u00e9soudre ce probl\u00e8me, Cl\u00e9mence Consulting pratique une approche disruptive fond\u00e9e sur son expertise business et fonctionnelle des domaines Client, Finance et Op\u00e9rations. Comment ?<\/p>\n<ul class=\"default-ul\">\n<li>En commen\u00e7ant par la compr\u00e9hension des enjeux, la connaissance des pratiques des m\u00e9tiers et l&#8217;expertise fonctionnelle des domaines concern\u00e9s<\/li>\n<li>En industrialisant les r\u00e9conciliations d\u2019information et en partageant des analyses en temps r\u00e9el quelle que soit la volum\u00e9trie (big data) nous simplifions l\u2019acc\u00e8s \u00e0 l\u2019info.<\/li>\n<li>En cr\u00e9ant un r\u00e9f\u00e9rentiel pour partager une vision (vision 360\u00b0 client, r\u00e9f\u00e9rentiel fondation de la num\u00e9risation de processus) nous faisons parler les donn\u00e9es.<\/li>\n<li>En fournissant des analyses, des pr\u00e9dictions et des mod\u00e8les, via la mise en place rapide de Proof Of Concept web, nous aidons \u00e0 comprendre, agir et tirer parti de l\u2019exp\u00e9rimentation<\/li>\n<\/ul>\n<p>Parce que les SI n\u2019apportent pas toujours de r\u00e9ponses aux m\u00e9tiers et n\u00e9cessitent de nombreux retraitements manuels et locaux et parce que souvent il n\u2019y a pas de r\u00e9f\u00e9rentiel commun\u2026 par exemple sur le client : nous sommes l\u00e0.<\/p>\n\n\t\t<\/div>\n\t<\/div>\n<\/div><\/div><\/div><\/div><div class=\"vc_row wpb_row vc_inner vc_row-fluid\"><div class=\"wpb_column vc_column_container vc_col-sm-12\"><div class=\"vc_column-inner\"><div class=\"wpb_wrapper\"><\/div><\/div><\/div><\/div><\/div><\/div><\/div><div class=\"wpb_column vc_column_container vc_col-sm-6 vc_col-lg-6 vc_col-md-12 vc_col-has-fill\"><div class=\"vc_column-inner vc_custom_1599988815910\"><div class=\"wpb_wrapper\"><div class=\"vc_row wpb_row vc_inner vc_row-fluid\"><div class=\"wpb_column vc_column_container vc_col-sm-12 vc_hidden-sm vc_hidden-xs\"><div class=\"vc_column-inner\"><div class=\"wpb_wrapper\"><div class=\"vc_empty_space\"   style=\"height: 90px\"><span class=\"vc_empty_space_inner\"><\/span><\/div><\/div><\/div><\/div><\/div><div class=\"vc_row wpb_row vc_inner vc_row-fluid vc_custom_1580393236493 vc_row-has-fill vc_row-has-padding-top vc_row-has-padding-bottom vc_row-o-equal-height vc_row-o-content-bottom vc_row-flex\"><div class=\"wpb_column vc_column_container vc_col-sm-2\"><div class=\"vc_column-inner vc_custom_1511789291663\"><div class=\"wpb_wrapper\"><\/div><\/div><\/div><div class=\"wpb_column vc_column_container vc_col-sm-8\"><div class=\"vc_column-inner\"><div class=\"wpb_wrapper\">\n\t<div class=\"wpb_text_column wpb_content_element vc_custom_1686936217981\" >\n\t\t<div class=\"wpb_wrapper\">\n\t\t\t<h2 class=\"title\"><span style=\"color: #ffffff;\">Notre expertise<\/span><\/h2>\n<p class=\"desc\">Nos expertises fonctionnelle avec une double comp\u00e9tence m\u00e9tier et SI (par exemple : &#8220;Marketing digital + CRM&#8221; ou &#8220;Finance +ERP&#8221; nous permettent d&#8217;intervenir en Front office \u00e0 vos cot\u00e9s, pour comprendre votre contexte, rendre vos donn\u00e9es performantes et int\u00e9grer des opportunit\u00e9s d\u2019am\u00e9lioration m\u00e9tiers au projet GDPR.<\/p>\n<p class=\"desc\">Nous proposons \u00e9galement en Back Office : une \u00e9quipe associant Data scientists et informaticiens qui d\u00e9livre un service de r\u00e9conciliation, d\u2019analyse, d\u2019interfa\u00e7age de donn\u00e9es et d\u2019Intelligence Artificielle via une plateforme cloud (OVH, Amazon, Google ou Azure).<\/p>\n<div class=\"clearfix\"><\/div>\n\n\t\t<\/div>\n\t<\/div>\n<\/div><\/div><\/div><div class=\"wpb_column vc_column_container vc_col-sm-2\"><div class=\"vc_column-inner\"><div class=\"wpb_wrapper\"><\/div><\/div><\/div><\/div><\/div><\/div><\/div><\/div><div class=\"vc_row-full-width vc_clearfix\"><\/div><div data-vc-full-width=\"true\" data-vc-full-width-init=\"false\" data-vc-stretch-content=\"true\" class=\"vc_row wpb_row vc_row-fluid vc_custom_1599054350654 vc_row-has-fill vc_row-has-padding-left vc_row-has-padding-right vc_row-o-full-height vc_row-o-columns-middle vc_row-o-equal-height vc_row-o-content-middle vc_row-flex\"><div class=\"wpb_column vc_column_container vc_col-sm-6\"><div class=\"vc_column-inner\"><div class=\"wpb_wrapper\"><div class=\"vc_empty_space\"   style=\"height: 30px\"><span class=\"vc_empty_space_inner\"><\/span><\/div><div class=\"vc_row wpb_row vc_inner vc_row-fluid\"><div class=\"wpb_column vc_column_container vc_col-sm-2\"><div class=\"vc_column-inner\"><div class=\"wpb_wrapper\"><\/div><\/div><\/div><div class=\"wpb_column vc_column_container vc_col-sm-2\"><div class=\"vc_column-inner\"><div class=\"wpb_wrapper\"><\/div><\/div><\/div><\/div><div class=\"vc_empty_space\"   style=\"height: 30px\"><span class=\"vc_empty_space_inner\"><\/span><\/div><\/div><\/div><\/div><\/div><div class=\"vc_row-full-width vc_clearfix\"><\/div><div class=\"vc_row wpb_row vc_row-fluid vc_custom_1580304946781 vc_row-has-padding-left vc_row-has-padding-right\"><div class=\"wpb_column vc_column_container vc_col-sm-12\"><div class=\"vc_column-inner\"><div class=\"wpb_wrapper\"><div class=\"vc_row wpb_row vc_inner vc_row-fluid\"><div class=\"wpb_column vc_column_container vc_col-sm-12\"><div class=\"vc_column-inner\"><div class=\"wpb_wrapper\"><div class=\"vc_empty_space\"   style=\"height: 52px\"><span class=\"vc_empty_space_inner\"><\/span><\/div><header class=\"kd-section-title col-lg-12 text-left  kd-animated fadeIn   vc_custom_1686935506207\" data-animation-delay=200><h2 class=\"separator_off\" style=\"color: #0a0a0a;\">Notre approche<\/h2><\/header><div class=\"vc_empty_space\"   style=\"height: 52px\"><span class=\"vc_empty_space_inner\"><\/span><\/div><\/div><\/div><\/div><\/div><\/div><\/div><\/div><\/div><div data-vc-full-width=\"true\" data-vc-full-width-init=\"false\" data-vc-stretch-content=\"true\" class=\"vc_row wpb_row vc_row-fluid vc_custom_1599054364242 vc_row-has-fill vc_row-has-padding-left vc_row-has-padding-right vc_row-o-full-height vc_row-o-columns-middle vc_row-o-equal-height vc_row-o-content-middle vc_row-flex\"><div data-vc-parallax=\"1.5\" data-vc-parallax-image=\"https:\/\/www.clemenceconsulting.fr\/wp-content\/uploads\/2020\/02\/data.jpg\" class=\"wpb_column vc_column_container vc_col-sm-2\/5 vc_hidden-xs vc_col-has-fill vc_general vc_parallax vc_parallax-content-moving\"><div class=\"vc_column-inner vc_custom_1582023081344\"><div class=\"wpb_wrapper\"><\/div><\/div><\/div><div class=\"wpb_column vc_column_container vc_col-sm-3\/5\"><div class=\"vc_column-inner\"><div class=\"wpb_wrapper\"><div class=\"vc_row wpb_row vc_inner vc_row-fluid vc_custom_1579267967918 vc_row-has-fill vc_row-has-padding-top\"><div class=\"wpb_column vc_column_container vc_col-sm-2\"><div class=\"vc_column-inner\"><div class=\"wpb_wrapper\">\r\n            <div class=\"kd-process-steps process_three_elem process-checkbox-template \">\r\n                <ul>\r\n                <li class=\"pss-item\" >\r\n                    <div class=\"pss-container  \" ><div class=\"pss-step-number\"><span >1<\/span><\/div><div class=\"pss-text-area\">\r\n                            <h5 ><\/h5>\r\n                            <p ><\/p><\/div>\r\n                    <\/div>\r\n                <\/li><\/ul>\r\n            <\/div><\/div><\/div><\/div><div class=\"wpb_column vc_column_container vc_col-sm-8\"><div class=\"vc_column-inner\"><div class=\"wpb_wrapper\">\n\t<div class=\"wpb_text_column wpb_content_element vc_custom_1686935574204\" >\n\t\t<div class=\"wpb_wrapper\">\n\t\t\t<h5 class=\"mb10\">FRONT OFFICE &amp; BACK OFFICE<\/h5>\n<p>Par la double intervention d\u2019un Front office fonctionnel et d\u2019un Back office technologique d\u00e9di\u00e9 au traitement de la donn\u00e9e.<\/p>\n<p>En appliquant son cr\u00e9do \u00ab Penser simple, rustique, pragmatique\u00a0\u00bb au travers de trois \u00e9tapes :<\/p>\n<ul class=\"default-ul\">\n<li>Analyser et mod\u00e9liser<\/li>\n<li>Concr\u00e9tiser (proof of concept) en \u00ab time to market \u00bb<\/li>\n<li>Enrichir de fa\u00e7on it\u00e9rative<\/li>\n<\/ul>\n\n\t\t<\/div>\n\t<\/div>\n<\/div><\/div><\/div><div class=\"wpb_column vc_column_container vc_col-sm-2\"><div class=\"vc_column-inner\"><div class=\"wpb_wrapper\"><\/div><\/div><\/div><\/div><div class=\"vc_empty_space\"   style=\"height: 30px\"><span class=\"vc_empty_space_inner\"><\/span><\/div><div class=\"vc_row wpb_row vc_inner vc_row-fluid vc_custom_1579267978427 vc_row-has-fill\"><div class=\"wpb_column vc_column_container vc_col-sm-2\"><div class=\"vc_column-inner\"><div class=\"wpb_wrapper\">\r\n            <div class=\"kd-process-steps process_three_elem process-checkbox-template \">\r\n                <ul>\r\n                <li class=\"pss-item\" >\r\n                    <div class=\"pss-container  \" ><div class=\"pss-step-number\"><span >2<\/span><\/div><div class=\"pss-text-area\">\r\n                            <h5 ><\/h5>\r\n                            <p ><\/p><\/div>\r\n                    <\/div>\r\n                <\/li><\/ul>\r\n            <\/div><\/div><\/div><\/div><div class=\"wpb_column vc_column_container vc_col-sm-8\"><div class=\"vc_column-inner\"><div class=\"wpb_wrapper\">\n\t<div class=\"wpb_text_column wpb_content_element vc_custom_1580392391417\" >\n\t\t<div class=\"wpb_wrapper\">\n\t\t\t<h5 class=\"mb10\">EXP\u00c9RIENCE<\/h5>\n<p>En s\u2019appuyant sur son exp\u00e9rience, en particulier dans les domaines suivants :<\/p>\n<ul class=\"default-ul\">\n<li>Marketing : gestion de campagne, connaissance clients (particuliers et entreprises) et digital marketing<\/li>\n<li>Finance : cr\u00e9dit management (risque, financement du poste client, couverture d\u2019assurance), comptabilit\u00e9<\/li>\n<li>R\u00e9f\u00e9rentiels clients : coh\u00e9rence des r\u00e9f\u00e9rentiels, fusion et acquisition<\/li>\n<\/ul>\n\n\t\t<\/div>\n\t<\/div>\n<\/div><\/div><\/div><div class=\"wpb_column vc_column_container vc_col-sm-2\"><div class=\"vc_column-inner\"><div class=\"wpb_wrapper\"><\/div><\/div><\/div><\/div><div class=\"vc_empty_space\"   style=\"height: 30px\"><span class=\"vc_empty_space_inner\"><\/span><\/div><\/div><\/div><\/div><\/div><div class=\"vc_row-full-width vc_clearfix\"><\/div>\n<\/div>","protected":false},"excerpt":{"rendered":"Data performance Qu'est-ce que la Data performance ? De fa\u00e7on holistique, la Data Performance se d\u00e9finit par 3 composantes : l\u2019efficacit\u00e9 de l\u2019utilisation des donn\u00e9es en regard des objectifs m\u00e9tier, [...]","protected":false},"author":1,"featured_media":0,"parent":0,"menu_order":0,"comment_status":"closed","ping_status":"closed","template":"","meta":{"footnotes":""},"class_list":["post-8680","page","type-page","status-publish","hentry"],"yoast_head":"<!-- This site is optimized with the Yoast SEO plugin v26.5 - https:\/\/yoast.com\/wordpress\/plugins\/seo\/ -->\n<title>Data performance - Clemence Consulting<\/title>\n<meta name=\"robots\" content=\"index, follow, max-snippet:-1, max-image-preview:large, max-video-preview:-1\" \/>\n<link rel=\"canonical\" href=\"https:\/\/www.clemenceconsulting.fr\/fr\/data-et-performance\/\" \/>\n<meta property=\"og:locale\" content=\"fr_FR\" \/>\n<meta property=\"og:type\" content=\"article\" \/>\n<meta property=\"og:title\" content=\"Data performance - Clemence Consulting\" \/>\n<meta property=\"og:url\" content=\"https:\/\/www.clemenceconsulting.fr\/fr\/data-et-performance\/\" \/>\n<meta property=\"og:site_name\" content=\"Clemence Consulting\" \/>\n<meta property=\"article:modified_time\" content=\"2023-09-25T10:23:36+00:00\" \/>\n<meta name=\"twitter:card\" content=\"summary_large_image\" \/>\n<meta name=\"twitter:label1\" content=\"Dur\u00e9e de lecture estim\u00e9e\" \/>\n\t<meta name=\"twitter:data1\" content=\"5 minutes\" \/>\n<script type=\"application\/ld+json\" class=\"yoast-schema-graph\">{\"@context\":\"https:\/\/schema.org\",\"@graph\":[{\"@type\":\"WebPage\",\"@id\":\"https:\/\/www.clemenceconsulting.fr\/data-et-performance\/\",\"url\":\"https:\/\/www.clemenceconsulting.fr\/data-et-performance\/\",\"name\":\"Data performance - Clemence Consulting\",\"isPartOf\":{\"@id\":\"https:\/\/www.clemenceconsulting.fr\/#website\"},\"datePublished\":\"2020-01-30T13:32:11+00:00\",\"dateModified\":\"2023-09-25T10:23:36+00:00\",\"inLanguage\":\"fr-FR\",\"potentialAction\":[{\"@type\":\"ReadAction\",\"target\":[\"https:\/\/www.clemenceconsulting.fr\/data-et-performance\/\"]}]},{\"@type\":\"WebSite\",\"@id\":\"https:\/\/www.clemenceconsulting.fr\/#website\",\"url\":\"https:\/\/www.clemenceconsulting.fr\/\",\"name\":\"Clemence Consulting\",\"description\":\"\",\"publisher\":{\"@id\":\"https:\/\/www.clemenceconsulting.fr\/#organization\"},\"potentialAction\":[{\"@type\":\"SearchAction\",\"target\":{\"@type\":\"EntryPoint\",\"urlTemplate\":\"https:\/\/www.clemenceconsulting.fr\/?s={search_term_string}\"},\"query-input\":{\"@type\":\"PropertyValueSpecification\",\"valueRequired\":true,\"valueName\":\"search_term_string\"}}],\"inLanguage\":\"fr-FR\"},{\"@type\":\"Organization\",\"@id\":\"https:\/\/www.clemenceconsulting.fr\/#organization\",\"name\":\"Clemence Consulting\",\"url\":\"https:\/\/www.clemenceconsulting.fr\/\",\"logo\":{\"@type\":\"ImageObject\",\"inLanguage\":\"fr-FR\",\"@id\":\"https:\/\/www.clemenceconsulting.fr\/#\/schema\/logo\/image\/\",\"url\":\"https:\/\/www.clemenceconsulting.fr\/wp-content\/uploads\/2020\/11\/logo-2-clemence.png\",\"contentUrl\":\"https:\/\/www.clemenceconsulting.fr\/wp-content\/uploads\/2020\/11\/logo-2-clemence.png\",\"width\":1285,\"height\":362,\"caption\":\"Clemence Consulting\"},\"image\":{\"@id\":\"https:\/\/www.clemenceconsulting.fr\/#\/schema\/logo\/image\/\"}}]}<\/script>\n<!-- \/ Yoast SEO plugin. -->","yoast_head_json":{"title":"Data performance - Clemence Consulting","robots":{"index":"index","follow":"follow","max-snippet":"max-snippet:-1","max-image-preview":"max-image-preview:large","max-video-preview":"max-video-preview:-1"},"canonical":"https:\/\/www.clemenceconsulting.fr\/fr\/data-et-performance\/","og_locale":"fr_FR","og_type":"article","og_title":"Data performance - Clemence Consulting","og_url":"https:\/\/www.clemenceconsulting.fr\/fr\/data-et-performance\/","og_site_name":"Clemence Consulting","article_modified_time":"2023-09-25T10:23:36+00:00","twitter_card":"summary_large_image","twitter_misc":{"Dur\u00e9e de lecture estim\u00e9e":"5 minutes"},"schema":{"@context":"https:\/\/schema.org","@graph":[{"@type":"WebPage","@id":"https:\/\/www.clemenceconsulting.fr\/data-et-performance\/","url":"https:\/\/www.clemenceconsulting.fr\/data-et-performance\/","name":"Data performance - Clemence Consulting","isPartOf":{"@id":"https:\/\/www.clemenceconsulting.fr\/#website"},"datePublished":"2020-01-30T13:32:11+00:00","dateModified":"2023-09-25T10:23:36+00:00","inLanguage":"fr-FR","potentialAction":[{"@type":"ReadAction","target":["https:\/\/www.clemenceconsulting.fr\/data-et-performance\/"]}]},{"@type":"WebSite","@id":"https:\/\/www.clemenceconsulting.fr\/#website","url":"https:\/\/www.clemenceconsulting.fr\/","name":"Clemence Consulting","description":"","publisher":{"@id":"https:\/\/www.clemenceconsulting.fr\/#organization"},"potentialAction":[{"@type":"SearchAction","target":{"@type":"EntryPoint","urlTemplate":"https:\/\/www.clemenceconsulting.fr\/?s={search_term_string}"},"query-input":{"@type":"PropertyValueSpecification","valueRequired":true,"valueName":"search_term_string"}}],"inLanguage":"fr-FR"},{"@type":"Organization","@id":"https:\/\/www.clemenceconsulting.fr\/#organization","name":"Clemence Consulting","url":"https:\/\/www.clemenceconsulting.fr\/","logo":{"@type":"ImageObject","inLanguage":"fr-FR","@id":"https:\/\/www.clemenceconsulting.fr\/#\/schema\/logo\/image\/","url":"https:\/\/www.clemenceconsulting.fr\/wp-content\/uploads\/2020\/11\/logo-2-clemence.png","contentUrl":"https:\/\/www.clemenceconsulting.fr\/wp-content\/uploads\/2020\/11\/logo-2-clemence.png","width":1285,"height":362,"caption":"Clemence Consulting"},"image":{"@id":"https:\/\/www.clemenceconsulting.fr\/#\/schema\/logo\/image\/"}}]}},"jetpack_sharing_enabled":true,"_links":{"self":[{"href":"https:\/\/www.clemenceconsulting.fr\/fr\/wp-json\/wp\/v2\/pages\/8680","targetHints":{"allow":["GET"]}}],"collection":[{"href":"https:\/\/www.clemenceconsulting.fr\/fr\/wp-json\/wp\/v2\/pages"}],"about":[{"href":"https:\/\/www.clemenceconsulting.fr\/fr\/wp-json\/wp\/v2\/types\/page"}],"author":[{"embeddable":true,"href":"https:\/\/www.clemenceconsulting.fr\/fr\/wp-json\/wp\/v2\/users\/1"}],"replies":[{"embeddable":true,"href":"https:\/\/www.clemenceconsulting.fr\/fr\/wp-json\/wp\/v2\/comments?post=8680"}],"version-history":[{"count":26,"href":"https:\/\/www.clemenceconsulting.fr\/fr\/wp-json\/wp\/v2\/pages\/8680\/revisions"}],"predecessor-version":[{"id":10688,"href":"https:\/\/www.clemenceconsulting.fr\/fr\/wp-json\/wp\/v2\/pages\/8680\/revisions\/10688"}],"wp:attachment":[{"href":"https:\/\/www.clemenceconsulting.fr\/fr\/wp-json\/wp\/v2\/media?parent=8680"}],"curies":[{"name":"wp","href":"https:\/\/api.w.org\/{rel}","templated":true}]}}