{"id":10397,"date":"2023-05-23T11:37:19","date_gmt":"2023-05-23T09:37:19","guid":{"rendered":"https:\/\/www.clemenceconsulting.fr\/newsletter\/"},"modified":"2024-01-24T13:59:01","modified_gmt":"2024-01-24T12:59:01","slug":"newsletter","status":"publish","type":"page","link":"https:\/\/www.clemenceconsulting.fr\/fr\/actualites\/newsletter\/","title":{"rendered":"Newsletter"},"content":{"rendered":"<div class=\"wpb-content-wrapper\"><div data-vc-full-width=\"true\" data-vc-full-width-init=\"false\" class=\"vc_row wpb_row vc_row-fluid vc_custom_1706099733818 vc_row-has-fill vc_row-o-content-middle vc_row-flex\"><div class=\"wpb_column vc_column_container vc_col-sm-8 vc_col-lg-offset-2\"><div class=\"vc_column-inner\"><div class=\"wpb_wrapper\">\n\t<div class=\"wpb_text_column wpb_content_element vc_custom_1706101136639\" >\n\t\t<div class=\"wpb_wrapper\">\n\t\t\t<h2 style=\"text-align: center;\"><span style=\"color: #ffffff;\">Inscrivez-vous \u00e0 la newsletter de Cl\u00e9mence Consulting<\/span><\/h2>\n\n\t\t<\/div>\n\t<\/div>\n<\/div><\/div><\/div><\/div><div class=\"vc_row-full-width vc_clearfix\"><\/div><div class=\"vc_row wpb_row vc_row-fluid\"><div class=\"wpb_column vc_column_container vc_col-sm-12\"><div class=\"vc_column-inner\"><div class=\"wpb_wrapper\">\n\t<div class=\"wpb_text_column wpb_content_element vc_custom_1706094788252\" >\n\t\t<div class=\"wpb_wrapper\">\n\t\t\t<div class=\"tnp tnp-subscription \">\n<form method=\"post\" action=\"https:\/\/www.clemenceconsulting.fr\/fr\/?na=s\">\n<input type=\"hidden\" name=\"nlang\" value=\"\">\n<div class=\"tnp-field tnp-field-firstname\"><label for=\"tnp-1\">Pr\u00e9nom<\/label>\n<input class=\"tnp-name\" type=\"text\" name=\"nn\" id=\"tnp-1\" value=\"\" placeholder=\"\" required><\/div>\n<div class=\"tnp-field tnp-field-surname\"><label for=\"tnp-2\">Nom<\/label>\n<input class=\"tnp-surname\" type=\"text\" name=\"ns\" id=\"tnp-2\" value=\"\" placeholder=\"\" required><\/div><div class=\"tnp-field tnp-field-email\"><label for=\"tnp-3\">Email<\/label>\n<input class=\"tnp-email\" type=\"email\" name=\"ne\" id=\"tnp-3\" value=\"\" placeholder=\"\" required><\/div>\n<div class=\"tnp-field tnp-field-profile\"><label for=\"tnp-4\">Entreprise<\/label>\n<input class=\"tnp-profile tnp-profile-1\" id=\"tnp-profile_1\" type=\"text\" size=\"\" name=\"np1\" placeholder=\"\"><\/div>\n<div class=\"tnp-field tnp-field-profile\"><label for=\"tnp-5\">R\u00f4le<\/label>\n<select class=\"tnp-profile tnp-profile-2\" id=\"tnp-profile_2\" name=\"np2\"><option>Finance<\/option><option>Facturation<\/option><option>Comptabilit\u00e9<\/option><option>Syst\u00e8mes d&#039;information<\/option><option>D\u00e9veloppement<\/option><option>Gestion des donn\u00e9es<\/option><option>Marketing<\/option><option>Innovation<\/option><option>Ventes<\/option><option>Autres<\/option><\/select>\n<\/div>\n<div class=\"tnp-field tnp-field-profile\"><label for=\"tnp-6\">Pays<\/label>\n<select class=\"tnp-profile tnp-profile-3\" id=\"tnp-profile_3\" name=\"np3\"><option value=\"\" selected disabled>Choisissez votre pays<\/option><option>Afghanistan<\/option><option>Albanie<\/option><option>Alg\u00e9rie<\/option><option>Allemagne<\/option><option>Andorre<\/option><option>Angola<\/option><option>Antigua-et-Barbuda<\/option><option>Arabie saoudite<\/option><option>Argentine<\/option><option>Arm\u00e9nie<\/option><option>Australie<\/option><option>Autriche<\/option><option>Azerba\u00efdjan<\/option><option>Bahamas<\/option><option>Bahre\u00efn<\/option><option>Bangladesh<\/option><option>Barbade<\/option><option>Belgique<\/option><option>Belize<\/option><option>B\u00e9nin<\/option><option>Bhoutan<\/option><option>Bi\u00e9lorussie<\/option><option>Bolivie<\/option><option>Bosnie-Herz\u00e9govine<\/option><option>Botswana<\/option><option>Br\u00e9sil<\/option><option>Brunei<\/option><option>Bulgarie<\/option><option>Burkina Faso<\/option><option>Burundi<\/option><option>Cambodge<\/option><option>Cameroun<\/option><option>Canada<\/option><option>Cap-Vert<\/option><option>Chili<\/option><option>Chine<\/option><option>Chypre<\/option><option>Colombie<\/option><option>Comores<\/option><option>Congo<\/option><option>Cor\u00e9e du Nord<\/option><option>Cor\u00e9e du Sud<\/option><option>Costa Rica<\/option><option>C\u00f4te d&#039;Ivoire<\/option><option>Croatie<\/option><option>Cuba<\/option><option>Danemark<\/option><option>Djibouti<\/option><option>Dominique<\/option><option>\u00c9gypte<\/option><option>\u00c9mirats arabes unis<\/option><option>\u00c9quateur<\/option><option>\u00c9rythr\u00e9e<\/option><option>Espagne<\/option><option>Estonie<\/option><option>\u00c9tats-Unis<\/option><option>\u00c9thiopie<\/option><option>Fidji<\/option><option>Finlande<\/option><option>France<\/option><option>Gabon<\/option><option>Gambie<\/option><option>G\u00e9orgie<\/option><option>Ghana<\/option><option>Gr\u00e8ce<\/option><option>Grenade<\/option><option>Guatemala<\/option><option>Guin\u00e9e<\/option><option>Guin\u00e9e-Bissau<\/option><option>Guin\u00e9e \u00e9quatoriale<\/option><option>Guyana<\/option><option>Ha\u00efti<\/option><option>Honduras<\/option><option>Hongrie<\/option><option>\u00celes Cook<\/option><option>\u00celes Marshall<\/option><option>\u00celes Salomon<\/option><option>Inde<\/option><option>Indon\u00e9sie<\/option><option>Irak<\/option><option>Iran<\/option><option>Irlande<\/option><option>Islande<\/option><option>Isra\u00ebl<\/option><option>Italie<\/option><option>Jama\u00efque<\/option><option>Japon<\/option><option>Jordanie<\/option><option>Kazakhstan<\/option><option>Kenya<\/option><option>Kirghizistan<\/option><option>Kiribati<\/option><option>Kowe\u00eft<\/option><option>Laos<\/option><option>Lesotho<\/option><option>Lettonie<\/option><option>Liban<\/option><option>Liberia<\/option><option>Libye<\/option><option>Liechtenstein<\/option><option>Lituanie<\/option><option>Luxembourg<\/option><option>Mac\u00e9doine du Nord<\/option><option>Madagascar<\/option><option>Malaisie<\/option><option>Malawi<\/option><option>Maldives<\/option><option>Mali<\/option><option>Malte<\/option><option>Maroc<\/option><option>Maurice<\/option><option>Mauritanie<\/option><option>Mexique<\/option><option>Micron\u00e9sie<\/option><option>Moldavie<\/option><option>Monaco<\/option><option>Mongolie<\/option><option>Mont\u00e9n\u00e9gro<\/option><option>Mozambique<\/option><option>Myanmar<\/option><option>Namibie<\/option><option>Nauru<\/option><option>N\u00e9pal<\/option><option>Nicaragua<\/option><option>Niger<\/option><option>Nig\u00e9ria<\/option><option>Niue<\/option><option>Norv\u00e8ge<\/option><option>Nouvelle-Z\u00e9lande<\/option><option>Oman<\/option><option>Ouganda<\/option><option>Ouzb\u00e9kistan<\/option><option>Pakistan<\/option><option>Palaos<\/option><option>Panama<\/option><option>Papouasie-Nouvelle-Guin\u00e9e<\/option><option>Paraguay<\/option><option>Pays-Bas<\/option><option>P\u00e9rou<\/option><option>Philippines<\/option><option>Pologne<\/option><option>Portugal<\/option><option>Qatar<\/option><option>R\u00e9publique centrafricaine<\/option><option>R\u00e9publique d\u00e9mocratique du Congo<\/option><option>R\u00e9publique dominicaine<\/option><option>R\u00e9publique tch\u00e8que<\/option><option>Roumanie<\/option><option>Royaume-Uni<\/option><option>Russie<\/option><option>Rwanda<\/option><option>Saint-Christophe-et-Ni\u00e9v\u00e8s<\/option><option>Saint-Marin<\/option><option>Saint-Vincent-et-les-Grenadines<\/option><option>Sainte-Lucie<\/option><option>Salvador<\/option><option>Samoa<\/option><option>Sao Tom\u00e9-et-Principe<\/option><option>S\u00e9n\u00e9gal<\/option><option>Serbie<\/option><option>Seychelles<\/option><option>Sierra Leone<\/option><option>Singapour<\/option><option>Slovaquie<\/option><option>Slov\u00e9nie<\/option><option>Somalie<\/option><option>Soudan<\/option><option>Soudan du Sud<\/option><option>Sri Lanka<\/option><option>Su\u00e8de<\/option><option>Suisse<\/option><option>Suriname<\/option><option>Swaziland<\/option><option>Syrie<\/option><option>Tadjikistan<\/option><option>Tanzanie<\/option><option>Tchad<\/option><option>Tha\u00eflande<\/option><option>Timor oriental<\/option><option>Togo<\/option><option>Tonga<\/option><option>Trinit\u00e9-et-Tobago<\/option><option>Tunisie<\/option><option>Turkm\u00e9nistan<\/option><option>Turquie<\/option><option>Tuvalu<\/option><option>Ukraine<\/option><option>Uruguay<\/option><option>Vanuatu<\/option><option>Vatican<\/option><option>Venezuela<\/option><option>Vi\u00eat Nam<\/option><option>Y\u00e9men<\/option><option>Zambie<\/option><option>Zimbabwe<\/option><\/select>\n<\/div>\n<div class=\"tnp-field tnp-privacy-field\"><label><input type=\"checkbox\" name=\"ny\" required class=\"tnp-privacy\"> En continuant, vous acceptez la politique de confidentialit\u00e9<\/label><\/div><div class=\"tnp-field tnp-field-button\" style=\"text-align: left\"><input class=\"tnp-submit\" type=\"submit\" value=\"S&#039;abonner\" style=\"\">\n<\/div>\n<\/form>\n<\/div>\n\n\n\t\t<\/div>\n\t<\/div>\n<\/div><\/div><\/div><\/div>\n<\/div>","protected":false},"excerpt":{"rendered":"Inscrivez-vous \u00e0 la newsletter de Cl\u00e9mence Consulting Pr\u00e9nom Nom Email Entreprise R\u00f4le FinanceFacturationComptabilit\u00e9Syst\u00e8mes d&#039;informationD\u00e9veloppementGestion des donn\u00e9esMarketingInnovationVentesAutres Pays Choisissez votre paysAfghanistanAlbanieAlg\u00e9rieAllemagneAndorreAngolaAntigua-et-BarbudaArabie saouditeArgentineArm\u00e9nieAustralieAutricheAzerba\u00efdjanBahamasBahre\u00efnBangladeshBarbadeBelgiqueBelizeB\u00e9ninBhoutanBi\u00e9lorussieBolivieBosnie-Herz\u00e9govineBotswanaBr\u00e9silBruneiBulgarieBurkina FasoBurundiCambodgeCamerounCanadaCap-VertChiliChineChypreColombieComoresCongoCor\u00e9e du NordCor\u00e9e du SudCosta RicaC\u00f4te d&#039;IvoireCroatieCubaDanemarkDjiboutiDominique\u00c9gypte\u00c9mirats arabes unis\u00c9quateur\u00c9rythr\u00e9eEspagneEstonie\u00c9tats-Unis\u00c9thiopieFidjiFinlandeFranceGabonGambieG\u00e9orgieGhanaGr\u00e8ceGrenadeGuatemalaGuin\u00e9eGuin\u00e9e-BissauGuin\u00e9e [...]","protected":false},"author":2,"featured_media":9117,"parent":8078,"menu_order":0,"comment_status":"closed","ping_status":"closed","template":"","meta":{"footnotes":""},"class_list":["post-10397","page","type-page","status-publish","has-post-thumbnail","hentry"],"yoast_head":"<!-- This site is optimized with the Yoast SEO plugin v26.5 - https:\/\/yoast.com\/wordpress\/plugins\/seo\/ -->\n<title>Newsletter - Clemence Consulting<\/title>\n<meta name=\"robots\" content=\"index, follow, max-snippet:-1, max-image-preview:large, max-video-preview:-1\" \/>\n<link rel=\"canonical\" href=\"https:\/\/www.clemenceconsulting.fr\/fr\/actualites\/newsletter\/\" \/>\n<meta property=\"og:locale\" content=\"fr_FR\" \/>\n<meta property=\"og:type\" content=\"article\" \/>\n<meta property=\"og:title\" content=\"Newsletter - Clemence Consulting\" \/>\n<meta property=\"og:url\" content=\"https:\/\/www.clemenceconsulting.fr\/fr\/actualites\/newsletter\/\" \/>\n<meta property=\"og:site_name\" content=\"Clemence Consulting\" \/>\n<meta property=\"article:modified_time\" content=\"2024-01-24T12:59:01+00:00\" \/>\n<meta property=\"og:image\" content=\"https:\/\/www.clemenceconsulting.fr\/wp-content\/uploads\/2020\/09\/514066434-1-scaled-e1706095251175.jpg\" \/>\n\t<meta property=\"og:image:width\" content=\"2560\" \/>\n\t<meta property=\"og:image:height\" content=\"563\" \/>\n\t<meta property=\"og:image:type\" content=\"image\/jpeg\" \/>\n<meta name=\"twitter:card\" content=\"summary_large_image\" \/>\n<meta name=\"twitter:label1\" content=\"Dur\u00e9e de lecture estim\u00e9e\" \/>\n\t<meta name=\"twitter:data1\" content=\"1 minute\" \/>\n<script type=\"application\/ld+json\" class=\"yoast-schema-graph\">{\"@context\":\"https:\/\/schema.org\",\"@graph\":[{\"@type\":\"WebPage\",\"@id\":\"https:\/\/www.clemenceconsulting.fr\/actualites\/newsletter\/\",\"url\":\"https:\/\/www.clemenceconsulting.fr\/actualites\/newsletter\/\",\"name\":\"Newsletter - Clemence Consulting\",\"isPartOf\":{\"@id\":\"https:\/\/www.clemenceconsulting.fr\/#website\"},\"primaryImageOfPage\":{\"@id\":\"https:\/\/www.clemenceconsulting.fr\/actualites\/newsletter\/#primaryimage\"},\"image\":{\"@id\":\"https:\/\/www.clemenceconsulting.fr\/actualites\/newsletter\/#primaryimage\"},\"thumbnailUrl\":\"https:\/\/www.clemenceconsulting.fr\/wp-content\/uploads\/2020\/09\/514066434-1-scaled-e1706095251175.jpg\",\"datePublished\":\"2023-05-23T09:37:19+00:00\",\"dateModified\":\"2024-01-24T12:59:01+00:00\",\"breadcrumb\":{\"@id\":\"https:\/\/www.clemenceconsulting.fr\/actualites\/newsletter\/#breadcrumb\"},\"inLanguage\":\"fr-FR\",\"potentialAction\":[{\"@type\":\"ReadAction\",\"target\":[\"https:\/\/www.clemenceconsulting.fr\/actualites\/newsletter\/\"]}]},{\"@type\":\"ImageObject\",\"inLanguage\":\"fr-FR\",\"@id\":\"https:\/\/www.clemenceconsulting.fr\/actualites\/newsletter\/#primaryimage\",\"url\":\"https:\/\/www.clemenceconsulting.fr\/wp-content\/uploads\/2020\/09\/514066434-1-scaled-e1706095251175.jpg\",\"contentUrl\":\"https:\/\/www.clemenceconsulting.fr\/wp-content\/uploads\/2020\/09\/514066434-1-scaled-e1706095251175.jpg\",\"width\":2560,\"height\":563},{\"@type\":\"BreadcrumbList\",\"@id\":\"https:\/\/www.clemenceconsulting.fr\/actualites\/newsletter\/#breadcrumb\",\"itemListElement\":[{\"@type\":\"ListItem\",\"position\":1,\"name\":\"News\",\"item\":\"https:\/\/www.clemenceconsulting.fr\/actualites\/\"},{\"@type\":\"ListItem\",\"position\":2,\"name\":\"Newsletter\"}]},{\"@type\":\"WebSite\",\"@id\":\"https:\/\/www.clemenceconsulting.fr\/#website\",\"url\":\"https:\/\/www.clemenceconsulting.fr\/\",\"name\":\"Clemence Consulting\",\"description\":\"\",\"publisher\":{\"@id\":\"https:\/\/www.clemenceconsulting.fr\/#organization\"},\"potentialAction\":[{\"@type\":\"SearchAction\",\"target\":{\"@type\":\"EntryPoint\",\"urlTemplate\":\"https:\/\/www.clemenceconsulting.fr\/?s={search_term_string}\"},\"query-input\":{\"@type\":\"PropertyValueSpecification\",\"valueRequired\":true,\"valueName\":\"search_term_string\"}}],\"inLanguage\":\"fr-FR\"},{\"@type\":\"Organization\",\"@id\":\"https:\/\/www.clemenceconsulting.fr\/#organization\",\"name\":\"Clemence Consulting\",\"url\":\"https:\/\/www.clemenceconsulting.fr\/\",\"logo\":{\"@type\":\"ImageObject\",\"inLanguage\":\"fr-FR\",\"@id\":\"https:\/\/www.clemenceconsulting.fr\/#\/schema\/logo\/image\/\",\"url\":\"https:\/\/www.clemenceconsulting.fr\/wp-content\/uploads\/2020\/11\/logo-2-clemence.png\",\"contentUrl\":\"https:\/\/www.clemenceconsulting.fr\/wp-content\/uploads\/2020\/11\/logo-2-clemence.png\",\"width\":1285,\"height\":362,\"caption\":\"Clemence Consulting\"},\"image\":{\"@id\":\"https:\/\/www.clemenceconsulting.fr\/#\/schema\/logo\/image\/\"}}]}<\/script>\n<!-- \/ Yoast SEO plugin. -->","yoast_head_json":{"title":"Newsletter - Clemence Consulting","robots":{"index":"index","follow":"follow","max-snippet":"max-snippet:-1","max-image-preview":"max-image-preview:large","max-video-preview":"max-video-preview:-1"},"canonical":"https:\/\/www.clemenceconsulting.fr\/fr\/actualites\/newsletter\/","og_locale":"fr_FR","og_type":"article","og_title":"Newsletter - Clemence Consulting","og_url":"https:\/\/www.clemenceconsulting.fr\/fr\/actualites\/newsletter\/","og_site_name":"Clemence Consulting","article_modified_time":"2024-01-24T12:59:01+00:00","og_image":[{"width":2560,"height":563,"url":"https:\/\/www.clemenceconsulting.fr\/wp-content\/uploads\/2020\/09\/514066434-1-scaled-e1706095251175.jpg","type":"image\/jpeg"}],"twitter_card":"summary_large_image","twitter_misc":{"Dur\u00e9e de lecture estim\u00e9e":"1 minute"},"schema":{"@context":"https:\/\/schema.org","@graph":[{"@type":"WebPage","@id":"https:\/\/www.clemenceconsulting.fr\/actualites\/newsletter\/","url":"https:\/\/www.clemenceconsulting.fr\/actualites\/newsletter\/","name":"Newsletter - Clemence Consulting","isPartOf":{"@id":"https:\/\/www.clemenceconsulting.fr\/#website"},"primaryImageOfPage":{"@id":"https:\/\/www.clemenceconsulting.fr\/actualites\/newsletter\/#primaryimage"},"image":{"@id":"https:\/\/www.clemenceconsulting.fr\/actualites\/newsletter\/#primaryimage"},"thumbnailUrl":"https:\/\/www.clemenceconsulting.fr\/wp-content\/uploads\/2020\/09\/514066434-1-scaled-e1706095251175.jpg","datePublished":"2023-05-23T09:37:19+00:00","dateModified":"2024-01-24T12:59:01+00:00","breadcrumb":{"@id":"https:\/\/www.clemenceconsulting.fr\/actualites\/newsletter\/#breadcrumb"},"inLanguage":"fr-FR","potentialAction":[{"@type":"ReadAction","target":["https:\/\/www.clemenceconsulting.fr\/actualites\/newsletter\/"]}]},{"@type":"ImageObject","inLanguage":"fr-FR","@id":"https:\/\/www.clemenceconsulting.fr\/actualites\/newsletter\/#primaryimage","url":"https:\/\/www.clemenceconsulting.fr\/wp-content\/uploads\/2020\/09\/514066434-1-scaled-e1706095251175.jpg","contentUrl":"https:\/\/www.clemenceconsulting.fr\/wp-content\/uploads\/2020\/09\/514066434-1-scaled-e1706095251175.jpg","width":2560,"height":563},{"@type":"BreadcrumbList","@id":"https:\/\/www.clemenceconsulting.fr\/actualites\/newsletter\/#breadcrumb","itemListElement":[{"@type":"ListItem","position":1,"name":"News","item":"https:\/\/www.clemenceconsulting.fr\/actualites\/"},{"@type":"ListItem","position":2,"name":"Newsletter"}]},{"@type":"WebSite","@id":"https:\/\/www.clemenceconsulting.fr\/#website","url":"https:\/\/www.clemenceconsulting.fr\/","name":"Clemence Consulting","description":"","publisher":{"@id":"https:\/\/www.clemenceconsulting.fr\/#organization"},"potentialAction":[{"@type":"SearchAction","target":{"@type":"EntryPoint","urlTemplate":"https:\/\/www.clemenceconsulting.fr\/?s={search_term_string}"},"query-input":{"@type":"PropertyValueSpecification","valueRequired":true,"valueName":"search_term_string"}}],"inLanguage":"fr-FR"},{"@type":"Organization","@id":"https:\/\/www.clemenceconsulting.fr\/#organization","name":"Clemence Consulting","url":"https:\/\/www.clemenceconsulting.fr\/","logo":{"@type":"ImageObject","inLanguage":"fr-FR","@id":"https:\/\/www.clemenceconsulting.fr\/#\/schema\/logo\/image\/","url":"https:\/\/www.clemenceconsulting.fr\/wp-content\/uploads\/2020\/11\/logo-2-clemence.png","contentUrl":"https:\/\/www.clemenceconsulting.fr\/wp-content\/uploads\/2020\/11\/logo-2-clemence.png","width":1285,"height":362,"caption":"Clemence Consulting"},"image":{"@id":"https:\/\/www.clemenceconsulting.fr\/#\/schema\/logo\/image\/"}}]}},"jetpack_sharing_enabled":true,"_links":{"self":[{"href":"https:\/\/www.clemenceconsulting.fr\/fr\/wp-json\/wp\/v2\/pages\/10397","targetHints":{"allow":["GET"]}}],"collection":[{"href":"https:\/\/www.clemenceconsulting.fr\/fr\/wp-json\/wp\/v2\/pages"}],"about":[{"href":"https:\/\/www.clemenceconsulting.fr\/fr\/wp-json\/wp\/v2\/types\/page"}],"author":[{"embeddable":true,"href":"https:\/\/www.clemenceconsulting.fr\/fr\/wp-json\/wp\/v2\/users\/2"}],"replies":[{"embeddable":true,"href":"https:\/\/www.clemenceconsulting.fr\/fr\/wp-json\/wp\/v2\/comments?post=10397"}],"version-history":[{"count":20,"href":"https:\/\/www.clemenceconsulting.fr\/fr\/wp-json\/wp\/v2\/pages\/10397\/revisions"}],"predecessor-version":[{"id":10963,"href":"https:\/\/www.clemenceconsulting.fr\/fr\/wp-json\/wp\/v2\/pages\/10397\/revisions\/10963"}],"up":[{"embeddable":true,"href":"https:\/\/www.clemenceconsulting.fr\/fr\/wp-json\/wp\/v2\/pages\/8078"}],"wp:featuredmedia":[{"embeddable":true,"href":"https:\/\/www.clemenceconsulting.fr\/fr\/wp-json\/wp\/v2\/media\/9117"}],"wp:attachment":[{"href":"https:\/\/www.clemenceconsulting.fr\/fr\/wp-json\/wp\/v2\/media?parent=10397"}],"curies":[{"name":"wp","href":"https:\/\/api.w.org\/{rel}","templated":true}]}}