{"id":8876,"date":"2020-02-19T14:28:32","date_gmt":"2020-02-19T13:28:32","guid":{"rendered":"http:\/\/clemence.vixenvalley.fr\/?page_id=8876"},"modified":"2021-04-19T10:40:44","modified_gmt":"2021-04-19T08:40:44","slug":"credits-et-mentions-legales","status":"publish","type":"page","link":"https:\/\/www.clemenceconsulting.fr\/en\/credits-et-mentions-legales\/","title":{"rendered":"Cr\u00e9dits et mentions l\u00e9gales"},"content":{"rendered":"<div class=\"wpb-content-wrapper\"><div class=\"vc_row wpb_row vc_row-fluid\"><div class=\"wpb_column vc_column_container vc_col-sm-12\"><div class=\"vc_column-inner\"><div class=\"wpb_wrapper\"><div class=\"vc_empty_space\"   style=\"height: 180px\"><span class=\"vc_empty_space_inner\"><\/span><\/div><\/div><\/div><\/div><\/div><div class=\"vc_row wpb_row vc_row-fluid\"><div class=\"wpb_column vc_column_container vc_col-sm-12\"><div class=\"vc_column-inner\"><div class=\"wpb_wrapper\">\n\t<div class=\"wpb_text_column wpb_content_element\" >\n\t\t<div class=\"wpb_wrapper\">\n\t\t\t<h1 style=\"text-align: center;\" align=\"center\">Mentions l\u00e9gales<\/h1>\n<p>&nbsp;<\/p>\n<p>Conform\u00e9ment aux dispositions des Articles 6-III et 19 de la Loi n\u00b02004-575 du 21 juin 2004 pour la Confiance dans l\u2019\u00e9conomie num\u00e9rique, dite L.C.E.N., il est port\u00e9 \u00e0 la connaissance des Utilisateurs du site clemenceconsulting.fr les pr\u00e9sentes mentions l\u00e9gales.<\/p>\n<p>La connexion et la navigation sur le site (indiquer le nom du site) par l\u2019Utilisateur implique acceptation int\u00e9grale et sans r\u00e9serve des pr\u00e9sentes mentions l\u00e9gales.<\/p>\n<p>Ces derni\u00e8res sont accessibles sur le site \u00e0 la rubrique \u00ab Mentions l\u00e9gales \u00bb.<\/p>\n<h1>\u00a0<\/h1>\n<h3>ARTICLE 1 : L\u2019\u00e9diteur<\/h3>\n<p>L&#8217;\u00e9dition du site clemenceconsulting.fr est assur\u00e9e par la Soci\u00e9t\u00e9 SAS Cl\u00e9mence Consulting au capital de 177785 euros, immatricul\u00e9e au RCS de Paris sous le num\u00e9ro 491208278 dont le si\u00e8ge social est situ\u00e9 au 6bis villa des entrepreneurs 75015 Paris, num\u00e9ro de t\u00e9l\u00e9phone 0145752501, adresse e-mail : admin@clcg.fr.<\/p>\n<p>N\u00b0 de TVA intracommunautaire : FR70491208278<\/p>\n<p>Le Directeur de la publication est David Vergognan<\/p>\n<h1>\u00a0<\/h1>\n<h3>ARTICLE 2 : L\u2019h\u00e9bergeur<\/h3>\n<p>L&#8217;h\u00e9bergeur du site clemenceconsulting.fr est la Soci\u00e9t\u00e9 1&amp;1 IONOS SARL, dont le si\u00e8ge social est situ\u00e9 au 7 Place de la gare 57200 SARREGUEMINES , avec le num\u00e9ro de t\u00e9l\u00e9phone : 0891653178.<\/p>\n<h1>\u00a0<\/h1>\n<h3>ARTICLE 3 : Acc\u00e8s au site<\/h3>\n<p>Le site est accessible par tout endroit, 7j\/7, 24h\/24 sauf cas de force majeure, interruption programm\u00e9e ou non et pouvant d\u00e9coulant d\u2019une n\u00e9cessit\u00e9 de maintenance.<\/p>\n<p>En cas de modification, interruption ou suspension des services le site clemenceconsulting.fr ne saurait \u00eatre tenu responsable.<\/p>\n<h1>\u00a0<\/h1>\n<h3>ARTICLE 4 : Collecte des donn\u00e9es<\/h3>\n<p>Le site est exempt\u00e9 de d\u00e9claration \u00e0 la Commission Nationale Informatique et Libert\u00e9s (CNIL) dans la mesure o\u00f9 il ne collecte aucune donn\u00e9e concernant les utilisateurs.<\/p>\n<h1>\u00a0<\/h1>\n<h3>ARTICLE 5 : Cookies<\/h3>\n<p>L\u2019Utilisateur est inform\u00e9 que lors de ses visites sur le site, un cookie peut s\u2019installer automatiquement sur son logiciel de navigation.<\/p>\n<p>En naviguant sur le site, il les accepte.<\/p>\n<p>Un cookie est un \u00e9l\u00e9ment qui ne permet pas d\u2019identifier l\u2019Utilisateur mais sert \u00e0 enregistrer des informations relatives \u00e0 la navigation de celui-ci sur le site Internet. L\u2019Utilisateur pourra d\u00e9sactiver ce cookie par l\u2019interm\u00e9diaire des param\u00e8tres figurant au sein de son logiciel de navigation.<\/p>\n<p>&nbsp;<\/p>\n<h3>ARTICLE 6 : Propri\u00e9t\u00e9 intellectuelle<\/h3>\n<p>Toute utilisation, reproduction, diffusion, commercialisation, modification de toute ou partie du site clemenceconsulting.fr,\u00a0 sans autorisation de l\u2019Editeur est prohib\u00e9e et pourra entra\u00een\u00e9e des actions et poursuites judiciaires telles que notamment pr\u00e9vues par le Code de la propri\u00e9t\u00e9 intellectuelle et le Code civil.<\/p>\n<p>&nbsp;<\/p>\n<p>&nbsp;<\/p>\n<p>R\u00e9dig\u00e9 sur http:\/\/legalplace.fr<\/p>\n\n\t\t<\/div>\n\t<\/div>\n<\/div><\/div><\/div><\/div>\n<\/div>","protected":false},"excerpt":{"rendered":"Mentions l\u00e9gales &nbsp; Conform\u00e9ment aux dispositions des Articles 6-III et 19 de la Loi n\u00b02004-575 du 21 juin 2004 pour la Confiance dans l\u2019\u00e9conomie num\u00e9rique, dite L.C.E.N., il est port\u00e9 [...]","protected":false},"author":1,"featured_media":0,"parent":0,"menu_order":0,"comment_status":"closed","ping_status":"closed","template":"","meta":{"footnotes":""},"class_list":["post-8876","page","type-page","status-publish","hentry"],"yoast_head":"<!-- This site is optimized with the Yoast SEO plugin v26.5 - https:\/\/yoast.com\/wordpress\/plugins\/seo\/ -->\n<title>Cr\u00e9dits et mentions l\u00e9gales - Clemence Consulting<\/title>\n<meta name=\"robots\" content=\"index, follow, max-snippet:-1, max-image-preview:large, max-video-preview:-1\" \/>\n<link rel=\"canonical\" href=\"https:\/\/www.clemenceconsulting.fr\/en\/credits-et-mentions-legales\/\" \/>\n<meta property=\"og:locale\" content=\"en_US\" \/>\n<meta property=\"og:type\" content=\"article\" \/>\n<meta property=\"og:title\" content=\"Cr\u00e9dits et mentions l\u00e9gales - Clemence Consulting\" \/>\n<meta property=\"og:url\" content=\"https:\/\/www.clemenceconsulting.fr\/en\/credits-et-mentions-legales\/\" \/>\n<meta property=\"og:site_name\" content=\"Clemence Consulting\" \/>\n<meta property=\"article:modified_time\" content=\"2021-04-19T08:40:44+00:00\" \/>\n<meta name=\"twitter:card\" content=\"summary_large_image\" \/>\n<meta name=\"twitter:label1\" content=\"Est. reading time\" \/>\n\t<meta name=\"twitter:data1\" content=\"2 minutes\" \/>\n<script type=\"application\/ld+json\" class=\"yoast-schema-graph\">{\"@context\":\"https:\/\/schema.org\",\"@graph\":[{\"@type\":\"WebPage\",\"@id\":\"https:\/\/www.clemenceconsulting.fr\/en\/credits-et-mentions-legales\/\",\"url\":\"https:\/\/www.clemenceconsulting.fr\/en\/credits-et-mentions-legales\/\",\"name\":\"Cr\u00e9dits et mentions l\u00e9gales - Clemence Consulting\",\"isPartOf\":{\"@id\":\"https:\/\/www.clemenceconsulting.fr\/#website\"},\"datePublished\":\"2020-02-19T13:28:32+00:00\",\"dateModified\":\"2021-04-19T08:40:44+00:00\",\"inLanguage\":\"en-US\",\"potentialAction\":[{\"@type\":\"ReadAction\",\"target\":[\"https:\/\/www.clemenceconsulting.fr\/en\/credits-et-mentions-legales\/\"]}]},{\"@type\":\"WebSite\",\"@id\":\"https:\/\/www.clemenceconsulting.fr\/#website\",\"url\":\"https:\/\/www.clemenceconsulting.fr\/\",\"name\":\"Clemence Consulting\",\"description\":\"\",\"publisher\":{\"@id\":\"https:\/\/www.clemenceconsulting.fr\/#organization\"},\"potentialAction\":[{\"@type\":\"SearchAction\",\"target\":{\"@type\":\"EntryPoint\",\"urlTemplate\":\"https:\/\/www.clemenceconsulting.fr\/?s={search_term_string}\"},\"query-input\":{\"@type\":\"PropertyValueSpecification\",\"valueRequired\":true,\"valueName\":\"search_term_string\"}}],\"inLanguage\":\"en-US\"},{\"@type\":\"Organization\",\"@id\":\"https:\/\/www.clemenceconsulting.fr\/#organization\",\"name\":\"Clemence Consulting\",\"url\":\"https:\/\/www.clemenceconsulting.fr\/\",\"logo\":{\"@type\":\"ImageObject\",\"inLanguage\":\"en-US\",\"@id\":\"https:\/\/www.clemenceconsulting.fr\/#\/schema\/logo\/image\/\",\"url\":\"https:\/\/www.clemenceconsulting.fr\/wp-content\/uploads\/2020\/11\/logo-2-clemence.png\",\"contentUrl\":\"https:\/\/www.clemenceconsulting.fr\/wp-content\/uploads\/2020\/11\/logo-2-clemence.png\",\"width\":1285,\"height\":362,\"caption\":\"Clemence Consulting\"},\"image\":{\"@id\":\"https:\/\/www.clemenceconsulting.fr\/#\/schema\/logo\/image\/\"}}]}<\/script>\n<!-- \/ Yoast SEO plugin. -->","yoast_head_json":{"title":"Cr\u00e9dits et mentions l\u00e9gales - Clemence Consulting","robots":{"index":"index","follow":"follow","max-snippet":"max-snippet:-1","max-image-preview":"max-image-preview:large","max-video-preview":"max-video-preview:-1"},"canonical":"https:\/\/www.clemenceconsulting.fr\/en\/credits-et-mentions-legales\/","og_locale":"en_US","og_type":"article","og_title":"Cr\u00e9dits et mentions l\u00e9gales - Clemence Consulting","og_url":"https:\/\/www.clemenceconsulting.fr\/en\/credits-et-mentions-legales\/","og_site_name":"Clemence Consulting","article_modified_time":"2021-04-19T08:40:44+00:00","twitter_card":"summary_large_image","twitter_misc":{"Est. reading time":"2 minutes"},"schema":{"@context":"https:\/\/schema.org","@graph":[{"@type":"WebPage","@id":"https:\/\/www.clemenceconsulting.fr\/en\/credits-et-mentions-legales\/","url":"https:\/\/www.clemenceconsulting.fr\/en\/credits-et-mentions-legales\/","name":"Cr\u00e9dits et mentions l\u00e9gales - Clemence Consulting","isPartOf":{"@id":"https:\/\/www.clemenceconsulting.fr\/#website"},"datePublished":"2020-02-19T13:28:32+00:00","dateModified":"2021-04-19T08:40:44+00:00","inLanguage":"en-US","potentialAction":[{"@type":"ReadAction","target":["https:\/\/www.clemenceconsulting.fr\/en\/credits-et-mentions-legales\/"]}]},{"@type":"WebSite","@id":"https:\/\/www.clemenceconsulting.fr\/#website","url":"https:\/\/www.clemenceconsulting.fr\/","name":"Clemence Consulting","description":"","publisher":{"@id":"https:\/\/www.clemenceconsulting.fr\/#organization"},"potentialAction":[{"@type":"SearchAction","target":{"@type":"EntryPoint","urlTemplate":"https:\/\/www.clemenceconsulting.fr\/?s={search_term_string}"},"query-input":{"@type":"PropertyValueSpecification","valueRequired":true,"valueName":"search_term_string"}}],"inLanguage":"en-US"},{"@type":"Organization","@id":"https:\/\/www.clemenceconsulting.fr\/#organization","name":"Clemence Consulting","url":"https:\/\/www.clemenceconsulting.fr\/","logo":{"@type":"ImageObject","inLanguage":"en-US","@id":"https:\/\/www.clemenceconsulting.fr\/#\/schema\/logo\/image\/","url":"https:\/\/www.clemenceconsulting.fr\/wp-content\/uploads\/2020\/11\/logo-2-clemence.png","contentUrl":"https:\/\/www.clemenceconsulting.fr\/wp-content\/uploads\/2020\/11\/logo-2-clemence.png","width":1285,"height":362,"caption":"Clemence Consulting"},"image":{"@id":"https:\/\/www.clemenceconsulting.fr\/#\/schema\/logo\/image\/"}}]}},"jetpack_sharing_enabled":true,"_links":{"self":[{"href":"https:\/\/www.clemenceconsulting.fr\/en\/wp-json\/wp\/v2\/pages\/8876","targetHints":{"allow":["GET"]}}],"collection":[{"href":"https:\/\/www.clemenceconsulting.fr\/en\/wp-json\/wp\/v2\/pages"}],"about":[{"href":"https:\/\/www.clemenceconsulting.fr\/en\/wp-json\/wp\/v2\/types\/page"}],"author":[{"embeddable":true,"href":"https:\/\/www.clemenceconsulting.fr\/en\/wp-json\/wp\/v2\/users\/1"}],"replies":[{"embeddable":true,"href":"https:\/\/www.clemenceconsulting.fr\/en\/wp-json\/wp\/v2\/comments?post=8876"}],"version-history":[{"count":1,"href":"https:\/\/www.clemenceconsulting.fr\/en\/wp-json\/wp\/v2\/pages\/8876\/revisions"}],"predecessor-version":[{"id":9634,"href":"https:\/\/www.clemenceconsulting.fr\/en\/wp-json\/wp\/v2\/pages\/8876\/revisions\/9634"}],"wp:attachment":[{"href":"https:\/\/www.clemenceconsulting.fr\/en\/wp-json\/wp\/v2\/media?parent=8876"}],"curies":[{"name":"wp","href":"https:\/\/api.w.org\/{rel}","templated":true}]}}