{"id":8708,"date":"2020-01-30T15:38:40","date_gmt":"2020-01-30T14:38:40","guid":{"rendered":"http:\/\/clemence.vixenvalley.fr\/?page_id=8708"},"modified":"2023-09-27T12:40:53","modified_gmt":"2023-09-27T10:40:53","slug":"business-performance","status":"publish","type":"page","link":"https:\/\/www.clemenceconsulting.fr\/en\/business-performance\/","title":{"rendered":"Business performance"},"content":{"rendered":"<div class=\"wpb-content-wrapper\"><div data-vc-full-width=\"true\" data-vc-full-width-init=\"false\" class=\"vc_row wpb_row vc_row-fluid headerVideo vc_custom_1599663846369 vc_row-has-fill vc_row-has-padding-top vc_row-has-padding-bottom\"><div class=\"kd-overlay\"  style=\"background-color:rgba(0,0,0,0.5);\"><\/div><div class=\"wpb_column vc_column_container vc_col-sm-12\"><div class=\"vc_column-inner\"><div class=\"wpb_wrapper\"><\/div><\/div><\/div><\/div><div class=\"vc_row-full-width vc_clearfix\"><\/div><div data-vc-full-width=\"true\" data-vc-full-width-init=\"false\" data-vc-stretch-content=\"true\" class=\"vc_row wpb_row vc_row-fluid vc_custom_1599663853644 vc_row-has-fill vc_row-has-padding-top vc_row-has-padding-bottom vc_row-has-padding-left vc_row-has-padding-right\"><div class=\"wpb_column vc_column_container vc_col-sm-12 vc_col-lg-5 vc_col-md-5\"><div class=\"vc_column-inner vc_custom_1599649910751\"><div class=\"wpb_wrapper\"><div class=\"vc_row wpb_row vc_inner vc_row-fluid vc_custom_1599645729299 vc_row-o-content-top vc_row-flex\"><div class=\"wpb_column vc_column_container vc_col-sm-12\"><div class=\"vc_column-inner vc_custom_1541520230301\"><div class=\"wpb_wrapper\"><header class=\"kd-section-title col-lg-12 text-left\" ><h2 class=\"separator_off\" style=\"color: #000000;font-size: 55px;\">Boost Business Performance<\/h2><\/header><div class=\"vc_empty_space\"   style=\"height: 30px\"><span class=\"vc_empty_space_inner\"><\/span><\/div><\/div><\/div><\/div><\/div><\/div><\/div><\/div><div class=\"wpb_column vc_column_container vc_col-sm-12 vc_col-lg-7 vc_col-md-7\"><div class=\"vc_column-inner\"><div class=\"wpb_wrapper\">\n\t<div class=\"wpb_text_column wpb_content_element\" >\n\t\t<div class=\"wpb_wrapper\">\n\t\t\t<h3><strong>Over the last few years, Cl\u00e9mence Business Consulting has helped a number of large companies improve their performance.<\/strong><\/h3>\n\n\t\t<\/div>\n\t<\/div>\n<\/div><\/div><\/div><\/div><div class=\"vc_row-full-width vc_clearfix\"><\/div><div data-vc-full-width=\"true\" data-vc-full-width-init=\"false\" data-vc-stretch-content=\"true\" class=\"vc_row wpb_row vc_row-fluid vc_row-no-padding vc_row-o-full-height vc_row-o-columns-bottom vc_row-o-equal-height vc_row-flex\"><div class=\"wpb_column vc_column_container vc_col-sm-6 vc_col-lg-6 vc_col-md-12 vc_col-has-fill\"><div class=\"vc_column-inner vc_custom_1580304339410\"><div class=\"wpb_wrapper\"><div class=\"vc_row wpb_row vc_inner vc_row-fluid vc_custom_1580308863360 vc_row-has-fill vc_row-has-padding-top vc_row-has-padding-bottom vc_row-o-equal-height vc_row-o-content-middle vc_row-flex\"><div class=\"wpb_column vc_column_container vc_col-sm-2\"><div class=\"vc_column-inner vc_custom_1580304049212\"><div class=\"wpb_wrapper\"><\/div><\/div><\/div><div class=\"wpb_column vc_column_container vc_col-sm-8\"><div class=\"vc_column-inner\"><div class=\"wpb_wrapper\"><header class=\"kd-section-title col-lg-12 text-left  kd-animated fadeIn title  vc_custom_1695482964851\" data-animation-delay=\"200\"><h2 class=\"separator_off\" >What's complicated?<\/h2><h6 class=\"subtitle\" style=\"color: #000000;\">Today the challenges are numerous and important: CSR, inflation, energy transition, competition, crises\u2026<br \/>\nYour business has its specificities. Taking these into account, with all their heterogeneity: for example in terms of positioning on different markets, operational models and data; as well as the human dimension are key.<\/h6><\/header><header class=\"kd-section-title col-lg-12 text-left  kd-animated fadeIn title  vc_custom_1695487112591\" data-animation-delay=\"200\"><h2 class=\"separator_off\" >Your business is transforming<\/h2><h6 class=\"subtitle\" style=\"color: #000000;\">Depending on the strategic objective, for example external growth, organic growth or sustainable performance, transformation takes different forms: mergers and acquisitions, partnerships, transformation of organizations; but also innovation, modernization of solutions, Artificial Intelligence &amp; data.<\/h6><\/header><div class=\"vc_empty_space\"   style=\"height: 20px\"><span class=\"vc_empty_space_inner\"><\/span><\/div><\/div><\/div><\/div><div class=\"wpb_column vc_column_container vc_col-sm-2\"><div class=\"vc_column-inner\"><div class=\"wpb_wrapper\"><\/div><\/div><\/div><\/div><\/div><\/div><\/div><div class=\"wpb_column vc_column_container vc_col-sm-6 vc_col-lg-6 vc_col-md-12 vc_col-has-fill\"><div class=\"vc_column-inner vc_custom_1599988957363\"><div class=\"wpb_wrapper\"><div class=\"vc_row wpb_row vc_inner vc_row-fluid\"><div class=\"wpb_column vc_column_container vc_col-sm-12 vc_hidden-sm vc_hidden-xs\"><div class=\"vc_column-inner\"><div class=\"wpb_wrapper\"><div class=\"vc_empty_space\"   style=\"height: 7px\"><span class=\"vc_empty_space_inner\"><\/span><\/div><\/div><\/div><\/div><\/div><div class=\"vc_row wpb_row vc_inner vc_row-fluid vc_custom_1580308830434 vc_row-has-fill vc_row-has-padding-top vc_row-has-padding-bottom vc_row-o-equal-height vc_row-o-content-bottom vc_row-flex\"><div class=\"wpb_column vc_column_container vc_col-sm-2\"><div class=\"vc_column-inner vc_custom_1511789291663\"><div class=\"wpb_wrapper\"><\/div><\/div><\/div><div class=\"wpb_column vc_column_container vc_col-sm-8\"><div class=\"vc_column-inner\"><div class=\"wpb_wrapper\">\n\t<div class=\"wpb_text_column wpb_content_element vc_custom_1695485700917\" >\n\t\t<div class=\"wpb_wrapper\">\n\t\t\t<h2 class=\"title\"><span style=\"color: #ffffff;\">Our expertise<\/span><\/h2>\n<p><span style=\"color: #ffffff;\">By understanding the issues present at the different levels of the company, by working with the Management Committee and also by integrating feedback from the field, we help you to frame your initiatives and promote the move to action and the membership.<\/span><\/p>\n<p><span style=\"color: #ffffff;\">Les transformations d\u00e9cid\u00e9es au niveau strat\u00e9gique peuvent \u00eatre complexes \u00e0 mettre en \u0153uvre op\u00e9rationnellement et laisser des traces. Pour vous aider pragmatiquement, par exemple en trouvant des &#8220;early adopters&#8221; qui vont \u00eatre les porte flambeaux de la transformation : nous sommes l\u00e0.<\/span><\/p>\n<p class=\"desc\"><span style=\"color: #ffffff;\">We could help you thanks to our know-how in management consulting, our sectoral and functional expertises: Marketing &amp; Sales, Finance &amp; Purchasing, Operations; as well as the quality of our support for management communication and management (PMO) to support your changes, from the operational framing of your project to its implementation.<\/span><\/p>\n<div class=\"clearfix\"><\/div>\n\n\t\t<\/div>\n\t<\/div>\n<\/div><\/div><\/div><div class=\"wpb_column vc_column_container vc_col-sm-2\"><div class=\"vc_column-inner\"><div class=\"wpb_wrapper\"><\/div><\/div><\/div><\/div><\/div><\/div><\/div><\/div><div class=\"vc_row-full-width vc_clearfix\"><\/div><div data-vc-full-width=\"true\" data-vc-full-width-init=\"false\" data-vc-stretch-content=\"true\" class=\"vc_row wpb_row vc_row-fluid vc_custom_1599054486157 vc_row-has-fill vc_row-has-padding-left vc_row-has-padding-right vc_row-o-full-height vc_row-o-columns-middle vc_row-o-equal-height vc_row-o-content-middle vc_row-flex\"><div class=\"wpb_column vc_column_container vc_col-sm-12\"><div class=\"vc_column-inner\"><div class=\"wpb_wrapper\"><div class=\"vc_empty_space\"   style=\"height: 30px\"><span class=\"vc_empty_space_inner\"><\/span><\/div><div class=\"vc_row wpb_row vc_inner vc_row-fluid\"><div class=\"wpb_column vc_column_container vc_col-sm-2\"><div class=\"vc_column-inner\"><div class=\"wpb_wrapper\"><\/div><\/div><\/div><div class=\"wpb_column vc_column_container vc_col-sm-8\"><div class=\"vc_column-inner\"><div class=\"wpb_wrapper\">\n\t<div class=\"wpb_text_column wpb_content_element vc_custom_1695811144912\" >\n\t\t<div class=\"wpb_wrapper\">\n\t\t\t<h2 class=\"title\">How is it useful?<\/h2>\n<p>Our objective is to help the Management Committee to frame, describe and communicate its challenges and its vision, to create a community of peers between the directors and managers who are the real relays of the transformation and to equip the implementation ( communication kit, methodology, reporting, etc.)<br \/>\nWe proceed through individual interviews and co-development workshops to share feedback and best practices and run the necessary seminars at each stage. We view transformation in its strategic dimension but also as a stage in the career of each director and manager: a human and professional adventure where it is crucial to identify areas of pain and share nuggets from the field to succeed.<\/p>\n<p>Our approach aims to avoid generating the feeling that \u201ceverything has already been thought of at a global level\u201d, not forgetting anything, taking into account heterogeneity and feedback from the field and piloting.<\/p>\n\n\t\t<\/div>\n\t<\/div>\n\n\t<div  class=\"wpb_single_image wpb_content_element vc_align_left wpb_content_element\">\n\t\t\n\t\t<figure class=\"wpb_wrapper vc_figure\">\n\t\t\t<div class=\"vc_single_image-wrapper   vc_box_border_grey\"><img fetchpriority=\"high\" decoding=\"async\" width=\"1024\" height=\"576\" src=\"https:\/\/www.clemenceconsulting.fr\/wp-content\/uploads\/2023\/09\/AmeliorationPerformance-1024x576.png\" class=\"vc_single_image-img attachment-large\" alt=\"\" title=\"Am\u00e9liorationPerformance\" srcset=\"https:\/\/www.clemenceconsulting.fr\/wp-content\/uploads\/2023\/09\/AmeliorationPerformance-1024x576.png 1024w, https:\/\/www.clemenceconsulting.fr\/wp-content\/uploads\/2023\/09\/AmeliorationPerformance-300x169.png 300w, https:\/\/www.clemenceconsulting.fr\/wp-content\/uploads\/2023\/09\/AmeliorationPerformance-768x432.png 768w, https:\/\/www.clemenceconsulting.fr\/wp-content\/uploads\/2023\/09\/AmeliorationPerformance-18x10.png 18w, https:\/\/www.clemenceconsulting.fr\/wp-content\/uploads\/2023\/09\/AmeliorationPerformance-800x450.png 800w, https:\/\/www.clemenceconsulting.fr\/wp-content\/uploads\/2023\/09\/AmeliorationPerformance.png 1280w\" sizes=\"(max-width: 1024px) 100vw, 1024px\" \/><\/div>\n\t\t<\/figure>\n\t<\/div>\n<\/div><\/div><\/div><div class=\"wpb_column vc_column_container vc_col-sm-2\"><div class=\"vc_column-inner\"><div class=\"wpb_wrapper\"><\/div><\/div><\/div><\/div><div class=\"vc_row wpb_row vc_inner vc_row-fluid\"><div class=\"wpb_column vc_column_container vc_col-sm-2\"><div class=\"vc_column-inner\"><div class=\"wpb_wrapper\"><\/div><\/div><\/div><div class=\"wpb_column vc_column_container vc_col-sm-8\"><div class=\"vc_column-inner\"><div class=\"wpb_wrapper\">\n\t<div class=\"wpb_text_column wpb_content_element vc_custom_1695811220310\" >\n\t\t<div class=\"wpb_wrapper\">\n\t\t\t<p>&nbsp;<\/p>\n<p><strong>Allons plus loin<\/strong> : notre objectif est aussi d&#8217;apporter des r\u00e9sultats concrets, de la performance op\u00e9rationnelle durable et tangible. Quelques &#8220;Success Stories &#8221; que nous avons v\u00e9cues avec nos clients :<\/p>\n<ul>\n<li>\n<h4><strong>Am\u00e9lioration rapide de la visibilit\u00e9 de la Direction G\u00e9n\u00e9rale gr\u00e2ce aux donn\u00e9es diss\u00e9min\u00e9es dans l&#8217;entreprise,<\/strong><\/h4>\n<\/li>\n<li>\n<h4><strong>G\u00e9n\u00e9ration d&#8217;opportunit\u00e9s commerciales rentables,<\/strong><\/h4>\n<\/li>\n<li>\n<h4><strong>Increased conversion rate of marketing leads into sales,<\/strong><\/h4>\n<\/li>\n<li>\n<h4><strong>Sales KPI and business review,<\/strong><\/h4>\n<\/li>\n<li>\n<h4><strong>Change of business model to move towards SaaS,<\/strong><\/h4>\n<\/li>\n<li>\n<h4><strong>Efficiency of the CRM-Invoicing-ERP chain,<\/strong><\/h4>\n<\/li>\n<li>\n<h4><strong>Cash collection efficiency (improvement of DSO)<\/strong><\/h4>\n<\/li>\n<li>\n<h4><strong>Effectiveness of management control and improvement of the profitability of operations<\/strong><\/h4>\n<\/li>\n<li>\n<h4><strong>Quality of service and compliance with SLAs\u2026<\/strong><\/h4>\n<\/li>\n<\/ul>\n\n\t\t<\/div>\n\t<\/div>\n<\/div><\/div><\/div><div class=\"wpb_column vc_column_container vc_col-sm-2\"><div class=\"vc_column-inner\"><div class=\"wpb_wrapper\"><\/div><\/div><\/div><\/div><div class=\"vc_empty_space\"   style=\"height: 30px\"><span class=\"vc_empty_space_inner\"><\/span><\/div><\/div><\/div><\/div><\/div><div class=\"vc_row-full-width vc_clearfix\"><\/div>\n<\/div>","protected":false},"excerpt":{"rendered":"Am\u00e9liorer la performance Au cours de ces derni\u00e8res ann\u00e9es, Cl\u00e9mence Business Consulting a aid\u00e9 un certain nombre de grandes entreprises \u00e0 am\u00e9liorer leur performance Qu'est-ce qui est compliqu\u00e9 ?Aujourd\u2019hui les [...]","protected":false},"author":1,"featured_media":0,"parent":0,"menu_order":0,"comment_status":"closed","ping_status":"closed","template":"","meta":{"footnotes":""},"class_list":["post-8708","page","type-page","status-publish","hentry"],"yoast_head":"<!-- This site is optimized with the Yoast SEO plugin v26.5 - https:\/\/yoast.com\/wordpress\/plugins\/seo\/ -->\n<title>Business performance - Clemence Consulting<\/title>\n<meta name=\"robots\" content=\"index, follow, max-snippet:-1, max-image-preview:large, max-video-preview:-1\" \/>\n<link rel=\"canonical\" href=\"https:\/\/www.clemenceconsulting.fr\/en\/business-performance\/\" \/>\n<meta property=\"og:locale\" content=\"en_US\" \/>\n<meta property=\"og:type\" content=\"article\" \/>\n<meta property=\"og:title\" content=\"Business performance - Clemence Consulting\" \/>\n<meta property=\"og:url\" content=\"https:\/\/www.clemenceconsulting.fr\/en\/business-performance\/\" \/>\n<meta property=\"og:site_name\" content=\"Clemence Consulting\" \/>\n<meta property=\"article:modified_time\" content=\"2023-09-27T10:40:53+00:00\" \/>\n<meta name=\"twitter:card\" content=\"summary_large_image\" \/>\n<meta name=\"twitter:label1\" content=\"Est. reading time\" \/>\n\t<meta name=\"twitter:data1\" content=\"5 minutes\" \/>\n<script type=\"application\/ld+json\" class=\"yoast-schema-graph\">{\"@context\":\"https:\/\/schema.org\",\"@graph\":[{\"@type\":\"WebPage\",\"@id\":\"https:\/\/www.clemenceconsulting.fr\/business-performance\/\",\"url\":\"https:\/\/www.clemenceconsulting.fr\/business-performance\/\",\"name\":\"Business performance - Clemence Consulting\",\"isPartOf\":{\"@id\":\"https:\/\/www.clemenceconsulting.fr\/#website\"},\"datePublished\":\"2020-01-30T14:38:40+00:00\",\"dateModified\":\"2023-09-27T10:40:53+00:00\",\"inLanguage\":\"en-US\",\"potentialAction\":[{\"@type\":\"ReadAction\",\"target\":[\"https:\/\/www.clemenceconsulting.fr\/business-performance\/\"]}]},{\"@type\":\"WebSite\",\"@id\":\"https:\/\/www.clemenceconsulting.fr\/#website\",\"url\":\"https:\/\/www.clemenceconsulting.fr\/\",\"name\":\"Clemence Consulting\",\"description\":\"\",\"publisher\":{\"@id\":\"https:\/\/www.clemenceconsulting.fr\/#organization\"},\"potentialAction\":[{\"@type\":\"SearchAction\",\"target\":{\"@type\":\"EntryPoint\",\"urlTemplate\":\"https:\/\/www.clemenceconsulting.fr\/?s={search_term_string}\"},\"query-input\":{\"@type\":\"PropertyValueSpecification\",\"valueRequired\":true,\"valueName\":\"search_term_string\"}}],\"inLanguage\":\"en-US\"},{\"@type\":\"Organization\",\"@id\":\"https:\/\/www.clemenceconsulting.fr\/#organization\",\"name\":\"Clemence Consulting\",\"url\":\"https:\/\/www.clemenceconsulting.fr\/\",\"logo\":{\"@type\":\"ImageObject\",\"inLanguage\":\"en-US\",\"@id\":\"https:\/\/www.clemenceconsulting.fr\/#\/schema\/logo\/image\/\",\"url\":\"https:\/\/www.clemenceconsulting.fr\/wp-content\/uploads\/2020\/11\/logo-2-clemence.png\",\"contentUrl\":\"https:\/\/www.clemenceconsulting.fr\/wp-content\/uploads\/2020\/11\/logo-2-clemence.png\",\"width\":1285,\"height\":362,\"caption\":\"Clemence Consulting\"},\"image\":{\"@id\":\"https:\/\/www.clemenceconsulting.fr\/#\/schema\/logo\/image\/\"}}]}<\/script>\n<!-- \/ Yoast SEO plugin. -->","yoast_head_json":{"title":"Business performance - Clemence Consulting","robots":{"index":"index","follow":"follow","max-snippet":"max-snippet:-1","max-image-preview":"max-image-preview:large","max-video-preview":"max-video-preview:-1"},"canonical":"https:\/\/www.clemenceconsulting.fr\/en\/business-performance\/","og_locale":"en_US","og_type":"article","og_title":"Business performance - Clemence Consulting","og_url":"https:\/\/www.clemenceconsulting.fr\/en\/business-performance\/","og_site_name":"Clemence Consulting","article_modified_time":"2023-09-27T10:40:53+00:00","twitter_card":"summary_large_image","twitter_misc":{"Est. reading time":"5 minutes"},"schema":{"@context":"https:\/\/schema.org","@graph":[{"@type":"WebPage","@id":"https:\/\/www.clemenceconsulting.fr\/business-performance\/","url":"https:\/\/www.clemenceconsulting.fr\/business-performance\/","name":"Business performance - Clemence Consulting","isPartOf":{"@id":"https:\/\/www.clemenceconsulting.fr\/#website"},"datePublished":"2020-01-30T14:38:40+00:00","dateModified":"2023-09-27T10:40:53+00:00","inLanguage":"en-US","potentialAction":[{"@type":"ReadAction","target":["https:\/\/www.clemenceconsulting.fr\/business-performance\/"]}]},{"@type":"WebSite","@id":"https:\/\/www.clemenceconsulting.fr\/#website","url":"https:\/\/www.clemenceconsulting.fr\/","name":"Clemence Consulting","description":"","publisher":{"@id":"https:\/\/www.clemenceconsulting.fr\/#organization"},"potentialAction":[{"@type":"SearchAction","target":{"@type":"EntryPoint","urlTemplate":"https:\/\/www.clemenceconsulting.fr\/?s={search_term_string}"},"query-input":{"@type":"PropertyValueSpecification","valueRequired":true,"valueName":"search_term_string"}}],"inLanguage":"en-US"},{"@type":"Organization","@id":"https:\/\/www.clemenceconsulting.fr\/#organization","name":"Clemence Consulting","url":"https:\/\/www.clemenceconsulting.fr\/","logo":{"@type":"ImageObject","inLanguage":"en-US","@id":"https:\/\/www.clemenceconsulting.fr\/#\/schema\/logo\/image\/","url":"https:\/\/www.clemenceconsulting.fr\/wp-content\/uploads\/2020\/11\/logo-2-clemence.png","contentUrl":"https:\/\/www.clemenceconsulting.fr\/wp-content\/uploads\/2020\/11\/logo-2-clemence.png","width":1285,"height":362,"caption":"Clemence Consulting"},"image":{"@id":"https:\/\/www.clemenceconsulting.fr\/#\/schema\/logo\/image\/"}}]}},"jetpack_sharing_enabled":true,"_links":{"self":[{"href":"https:\/\/www.clemenceconsulting.fr\/en\/wp-json\/wp\/v2\/pages\/8708","targetHints":{"allow":["GET"]}}],"collection":[{"href":"https:\/\/www.clemenceconsulting.fr\/en\/wp-json\/wp\/v2\/pages"}],"about":[{"href":"https:\/\/www.clemenceconsulting.fr\/en\/wp-json\/wp\/v2\/types\/page"}],"author":[{"embeddable":true,"href":"https:\/\/www.clemenceconsulting.fr\/en\/wp-json\/wp\/v2\/users\/1"}],"replies":[{"embeddable":true,"href":"https:\/\/www.clemenceconsulting.fr\/en\/wp-json\/wp\/v2\/comments?post=8708"}],"version-history":[{"count":64,"href":"https:\/\/www.clemenceconsulting.fr\/en\/wp-json\/wp\/v2\/pages\/8708\/revisions"}],"predecessor-version":[{"id":10726,"href":"https:\/\/www.clemenceconsulting.fr\/en\/wp-json\/wp\/v2\/pages\/8708\/revisions\/10726"}],"wp:attachment":[{"href":"https:\/\/www.clemenceconsulting.fr\/en\/wp-json\/wp\/v2\/media?parent=8708"}],"curies":[{"name":"wp","href":"https:\/\/api.w.org\/{rel}","templated":true}]}}